{"id":2,"date":"2020-10-22T20:35:03","date_gmt":"2020-10-22T20:35:03","guid":{"rendered":"http:\/\/doralbacastiblanco.com\/?page_id=2"},"modified":"2025-11-11T13:18:38","modified_gmt":"2025-11-11T13:18:38","slug":"como-puedo-ayudarte","status":"publish","type":"page","link":"https:\/\/doralbacastiblanco.com\/index.php\/como-puedo-ayudarte\/","title":{"rendered":"\u00bfC\u00d3MO PUEDO AYUDARTE?"},"content":{"rendered":"\t\t<div data-elementor-type=\"wp-page\" data-elementor-id=\"2\" class=\"elementor elementor-2\">\n\t\t\t\t\t\t<section class=\"elementor-section elementor-top-section elementor-element elementor-element-f15b93e elementor-section-boxed elementor-section-height-default elementor-section-height-default\" data-id=\"f15b93e\" data-element_type=\"section\" data-e-type=\"section\">\n\t\t\t\t\t\t<div class=\"elementor-container elementor-column-gap-default\">\n\t\t\t\t\t<div class=\"elementor-column elementor-col-100 elementor-top-column elementor-element elementor-element-29fb1c44\" data-id=\"29fb1c44\" data-element_type=\"column\" data-e-type=\"column\">\n\t\t\t<div class=\"elementor-widget-wrap elementor-element-populated\">\n\t\t\t\t\t\t<div class=\"elementor-element elementor-element-73c03743 elementor-widget elementor-widget-text-editor\" data-id=\"73c03743\" data-element_type=\"widget\" data-e-type=\"widget\" data-widget_type=\"text-editor.default\">\n\t\t\t\t<div class=\"elementor-widget-container\">\n\t\t\t\t\t\t\t\t\t<p><\/p>\n<p><span style=\"font-weight: 400;\">Mi misi\u00f3n es ayudarte a re-conocer la luz que hay en ti, a descubrir tu capacidad de construir la vida que sue\u00f1as y las experiencias elevadas que mereces, limpiando las capas superficiales que han dejado ocultos\u00a0 tus dones, cualidades, habilidades y talentos internos y externos que te hacen un ser \u00fanico\u00a0 y especial.<\/span><\/p>\n<p><\/p>\t\t\t\t\t\t\t\t<\/div>\n\t\t\t\t<\/div>\n\t\t\t\t\t<\/div>\n\t\t<\/div>\n\t\t\t\t\t<\/div>\n\t\t<\/section>\n\t\t\t\t<section class=\"elementor-section elementor-top-section elementor-element elementor-element-ff0a61d elementor-section-boxed elementor-section-height-default elementor-section-height-default\" data-id=\"ff0a61d\" data-element_type=\"section\" data-e-type=\"section\">\n\t\t\t\t\t\t<div class=\"elementor-container elementor-column-gap-default\">\n\t\t\t\t\t<div class=\"elementor-column elementor-col-100 elementor-top-column elementor-element elementor-element-386601d\" data-id=\"386601d\" data-element_type=\"column\" data-e-type=\"column\">\n\t\t\t<div class=\"elementor-widget-wrap elementor-element-populated\">\n\t\t\t\t\t\t<div class=\"elementor-element elementor-element-98d2c4b elementor-widget elementor-widget-image\" data-id=\"98d2c4b\" data-element_type=\"widget\" data-e-type=\"widget\" data-widget_type=\"image.default\">\n\t\t\t\t<div class=\"elementor-widget-container\">\n\t\t\t\t\t\t\t\t\t\t\t\t\t\t\t<img decoding=\"async\" src=\"https:\/\/doralbacastiblanco.com\/wp-content\/uploads\/2020\/11\/Doralba-home-blog2-e1604606726822.png\" title=\"Doralba-home-blog2\" alt=\"Doralba-home-blog2\" loading=\"lazy\" \/>\t\t\t\t\t\t\t\t\t\t\t\t\t\t\t<\/div>\n\t\t\t\t<\/div>\n\t\t\t\t\t<\/div>\n\t\t<\/div>\n\t\t\t\t\t<\/div>\n\t\t<\/section>\n\t\t\t\t<section class=\"elementor-section elementor-top-section elementor-element elementor-element-41a2be3 elementor-section-boxed elementor-section-height-default elementor-section-height-default\" data-id=\"41a2be3\" data-element_type=\"section\" data-e-type=\"section\">\n\t\t\t\t\t\t<div class=\"elementor-container elementor-column-gap-default\">\n\t\t\t\t\t<div class=\"elementor-column elementor-col-100 elementor-top-column elementor-element elementor-element-625dee6\" data-id=\"625dee6\" data-element_type=\"column\" data-e-type=\"column\">\n\t\t\t<div class=\"elementor-widget-wrap elementor-element-populated\">\n\t\t\t\t\t\t<div class=\"elementor-element elementor-element-a51a150 elementor-widget elementor-widget-heading\" data-id=\"a51a150\" data-element_type=\"widget\" data-e-type=\"widget\" data-widget_type=\"heading.default\">\n\t\t\t\t<div class=\"elementor-widget-container\">\n\t\t\t\t\t<span class=\"elementor-heading-title elementor-size-xl\">Explora en cada uno de mis servicios<\/span>\t\t\t\t<\/div>\n\t\t\t\t<\/div>\n\t\t\t\t\t<\/div>\n\t\t<\/div>\n\t\t\t\t\t<\/div>\n\t\t<\/section>\n\t\t\t\t<section class=\"elementor-section elementor-top-section elementor-element elementor-element-e30a25f elementor-section-boxed elementor-section-height-default elementor-section-height-default\" data-id=\"e30a25f\" data-element_type=\"section\" data-e-type=\"section\">\n\t\t\t\t\t\t<div class=\"elementor-container elementor-column-gap-default\">\n\t\t\t\t\t<div class=\"elementor-column elementor-col-100 elementor-top-column elementor-element elementor-element-8ead960\" data-id=\"8ead960\" data-element_type=\"column\" data-e-type=\"column\">\n\t\t\t<div class=\"elementor-widget-wrap elementor-element-populated\">\n\t\t\t\t\t\t<div class=\"elementor-element elementor-element-fd80f5c elementor-widget elementor-widget-accordion\" data-id=\"fd80f5c\" data-element_type=\"widget\" data-e-type=\"widget\" data-widget_type=\"accordion.default\">\n\t\t\t\t<div class=\"elementor-widget-container\">\n\t\t\t\t\t\t\t<div class=\"elementor-accordion\">\n\t\t\t\t\t\t\t<div class=\"elementor-accordion-item\">\n\t\t\t\t\t<div id=\"elementor-tab-title-2651\" class=\"elementor-tab-title\" data-tab=\"1\" role=\"button\" aria-controls=\"elementor-tab-content-2651\" aria-expanded=\"false\">\n\t\t\t\t\t\t\t\t\t\t\t\t\t<span class=\"elementor-accordion-icon elementor-accordion-icon-left\" aria-hidden=\"true\">\n\t\t\t\t\t\t\t\t\t\t\t\t\t\t\t<span class=\"elementor-accordion-icon-closed\"><i class=\"fas fa-leaf\"><\/i><\/span>\n\t\t\t\t\t\t\t\t<span class=\"elementor-accordion-icon-opened\"><i class=\"fas fa-caret-up\"><\/i><\/span>\n\t\t\t\t\t\t\t\t\t\t\t\t\t\t<\/span>\n\t\t\t\t\t\t\t\t\t\t\t\t<a class=\"elementor-accordion-title\" tabindex=\"0\">DESCUBRAMOS TU BRILLO INTERIOR<\/a>\n\t\t\t\t\t<\/div>\n\t\t\t\t\t<div id=\"elementor-tab-content-2651\" class=\"elementor-tab-content elementor-clearfix\" data-tab=\"1\" role=\"region\" aria-labelledby=\"elementor-tab-title-2651\"><p><b>\u00bfQu\u00e9 es un proceso de crecimiento personal con ayuda del coaching?\u00a0<\/b><\/p>\n<p>\u00bfEn tu vida est\u00e1s viviendo alguna situaci\u00f3n importante que no sabes c\u00f3mo afrontar? \u00bfEst\u00e1s\u00a0 experimentando emociones que no te apoyan a lograr tus objetivos, y que fueron causadas por alg\u00fan evento espec\u00edfico? \u00bfObservas que se repiten experiencias que te llevan nuevamente a los mismos resultados y no sabes c\u00f3mo dar un giro?<\/p>\n<p>Los procesos de vida desde el coaching, son una herramienta que a trav\u00e9s de conversaciones con un prop\u00f3sito definido, se identifica aquello que es necesario fortalecer interiormente, para abordar cambios importantes en el SER, en la forma de sentir, de pensar y de actuar y as\u00ed avanzar hacia los cambios que se desea, integrando potenciales de crecimiento.<\/p>\n<p>En ocasiones el primer paso para permitirnos entender lo que\u00a0nos ocurre es hablar acerca de ello. Estas conversaciones son diferentes a las<br \/>que conocemos com\u00fanmente, las llamo \u201cconversaciones con prop\u00f3sito\u201d, en ellas mi\u00a0atenci\u00f3n est\u00e1 en hacerte ver aquello que es necesario fortalecer en tu SER para\u00a0cambiar esa versi\u00f3n de vida que no te gusta; en estas charlas planteamos\u00a0\u00a0un prop\u00f3sito u objetivo, que sea alcanzable y medible al finalizar nuestra\u00a0conversaci\u00f3n.<\/p>\n<p>No te doy consejos, lo que hago es acompa\u00f1arte a que\u00a0descubras desde tu SER, aquello que necesitas, ya que todas las herramientas\u00a0las tienes en tu interior, solo hace falta traerlas a tu presente y\u00a0fortalecerlas.<\/p>\n<p>Es verdad que la realidad que vives no se cambia en una\u00a0conversaci\u00f3n, pero s\u00ed es el primer paso para lograr el cambio que buscas, para\u00a0entender la raz\u00f3n por la cual se manifiestan tus emociones, o ver por qu\u00e9 a\u00a0pesar de realizar acciones diferentes llegas al mismo resultado; adem\u00e1s te\u00a0acompa\u00f1ar\u00e9 a que descubras el \u00bfpara qu\u00e9? justamente asociado a lo que necesitas\u00a0aprender para crecer como persona (SER).\u00a0<\/p>\n<p>Este proceso se dar\u00e1 a tu ritmo, sin af\u00e1n, t\u00fa tomar\u00e1s las\u00a0decisiones que consideres apropiadas y que te acerquen a vivir en tranquilidad\u00a0y equilibrio.<\/p>\n<p>Yo creo en ti, te acompa\u00f1o, motivo e inspiro a que alcances\u00a0tus metas y objetivos \u00a1lo puedes lograr!<\/p>\n<p>\u00a0<strong><a href=\"https:\/\/doralbacastiblanco.com\/index.php\/escribeme\/\">Si tienes alguna duda, escr\u00edbeme y hablamos para revisar tu caso particular.\u00a0<\/a><\/strong><\/p><\/div>\n\t\t\t\t<\/div>\n\t\t\t\t\t\t\t<div class=\"elementor-accordion-item\">\n\t\t\t\t\t<div id=\"elementor-tab-title-2652\" class=\"elementor-tab-title\" data-tab=\"2\" role=\"button\" aria-controls=\"elementor-tab-content-2652\" aria-expanded=\"false\">\n\t\t\t\t\t\t\t\t\t\t\t\t\t<span class=\"elementor-accordion-icon elementor-accordion-icon-left\" aria-hidden=\"true\">\n\t\t\t\t\t\t\t\t\t\t\t\t\t\t\t<span class=\"elementor-accordion-icon-closed\"><i class=\"fas fa-leaf\"><\/i><\/span>\n\t\t\t\t\t\t\t\t<span class=\"elementor-accordion-icon-opened\"><i class=\"fas fa-caret-up\"><\/i><\/span>\n\t\t\t\t\t\t\t\t\t\t\t\t\t\t<\/span>\n\t\t\t\t\t\t\t\t\t\t\t\t<a class=\"elementor-accordion-title\" tabindex=\"0\">EXPLOREMOS TU ENERG\u00cdA PERSONAL DESDE LA CU\u00c1NTICA<\/a>\n\t\t\t\t\t<\/div>\n\t\t\t\t\t<div id=\"elementor-tab-content-2652\" class=\"elementor-tab-content elementor-clearfix\" data-tab=\"2\" role=\"region\" aria-labelledby=\"elementor-tab-title-2652\"><p>\u00a0<\/p>\n<p><b>\u00bfCu\u00e1l es el alcance de un proceso de sanaci\u00f3n y armonizaci\u00f3n energ\u00e9tica en una persona?\u00a0<\/b><\/p>\n<p><span lang=\"ES\">Este m\u00e9todo terap\u00e9utico busca a trav\u00e9s de la indagaci\u00f3n de la energ\u00eda personal, armonizar y elevar la frecuencia vibratoria del consultante.<\/span><\/p>\n<p><span lang=\"ES-MX\">Desde la perspectiva de la cu\u00e1ntica, el universo entero est\u00e1 relacionado a una red energ\u00e9tica vibratoria y cada ser humano se integra a esta energ\u00eda, de acuerdo a su forma de pensar y de sentir, desde su vibraci\u00f3n personal env\u00eda permanentemente informaci\u00f3n al entorno y el entorno devuelve energ\u00eda de la misma frecuencia.<\/span><\/p>\n<p><span lang=\"ES-MX\">Un proceso basado en exploraci\u00f3n energ\u00e9tica, consiste en un acompa\u00f1amiento durante varias sesiones (m\u00ednimo tres), para explorar las razones por las cuales se ha desarmonizado la energ\u00eda personal, se busca crear consciencia de la importancia del cambio a nivel de pensamientos, de emociones y de las acciones necesarias para integrar una transformaci\u00f3n interna y vibracional.<\/span><\/p>\n<p>Gracias a\u00a0la energ\u00eda cu\u00e1ntica es posible ingresar a explorar los campos vibratorios,\u00a0 se interviene la energ\u00eda desde los campos sutiles, para detectar patrones y razones de desarmon\u00eda, buscando dar un nuevo orden en la vibraci\u00f3n, donde no es necesario el contacto f\u00edsico.<\/p>\n<div style=\"width: 1080px;\" class=\"wp-video\"><video class=\"wp-video-shortcode\" id=\"video-2-1\" width=\"1080\" height=\"1920\" preload=\"metadata\" controls=\"controls\"><source type=\"video\/mp4\" src=\"http:\/\/doralbacastiblanco.com\/wp-content\/uploads\/2025\/11\/Detox-energetico-Proceso.mp4?_=1\" \/><a href=\"http:\/\/doralbacastiblanco.com\/wp-content\/uploads\/2025\/11\/Detox-energetico-Proceso.mp4\">http:\/\/doralbacastiblanco.com\/wp-content\/uploads\/2025\/11\/Detox-energetico-Proceso.mp4<\/a><\/video><\/div>\n<p><strong><a href=\"https:\/\/doralbacastiblanco.com\/index.php\/escribeme\/\">Si tienes alguna duda, escr\u00edbeme y hablamos para revisar tu caso particular.\u00a0<\/a><\/strong><\/p><\/div>\n\t\t\t\t<\/div>\n\t\t\t\t\t\t\t<div class=\"elementor-accordion-item\">\n\t\t\t\t\t<div id=\"elementor-tab-title-2653\" class=\"elementor-tab-title\" data-tab=\"3\" role=\"button\" aria-controls=\"elementor-tab-content-2653\" aria-expanded=\"false\">\n\t\t\t\t\t\t\t\t\t\t\t\t\t<span class=\"elementor-accordion-icon elementor-accordion-icon-left\" aria-hidden=\"true\">\n\t\t\t\t\t\t\t\t\t\t\t\t\t\t\t<span class=\"elementor-accordion-icon-closed\"><i class=\"fas fa-leaf\"><\/i><\/span>\n\t\t\t\t\t\t\t\t<span class=\"elementor-accordion-icon-opened\"><i class=\"fas fa-caret-up\"><\/i><\/span>\n\t\t\t\t\t\t\t\t\t\t\t\t\t\t<\/span>\n\t\t\t\t\t\t\t\t\t\t\t\t<a class=\"elementor-accordion-title\" tabindex=\"0\">ARMONICEMOS EL AMBIENTE EMPRESARIAL<\/a>\n\t\t\t\t\t<\/div>\n\t\t\t\t\t<div id=\"elementor-tab-content-2653\" class=\"elementor-tab-content elementor-clearfix\" data-tab=\"3\" role=\"region\" aria-labelledby=\"elementor-tab-title-2653\"><p><b>\u00bfEn qu\u00e9 consiste un proceso de constelaciones empresariales con alcance cu\u00e1ntico?\u00a0<\/b><\/p>\n<p>Cuando se aborda un proceso de acompa\u00f1amiento de constelaciones orientadas a las empresas, se inicia detectando las razones que son el origen de las dificultades o los bloqueos que atraviesa el entorno empresarial.<\/p>\n<p><span lang=\"EN-US\">En este tipo de procesos se involucra no solamente la sanaci\u00f3n energ\u00e9tica del inmueble, sino aquellas causas que bloquean la sana din\u00e1mica a nivel Sist\u00e9mico Empresarial, incluyendo el \u00e1rea de ventas, propietarios, vendedores, cliente ideal, precio, publicidad y\/o marketing, y algunos otros elementos que a nivel sist\u00e9mico intervienen en el proceso de la empresa como un Sistema.<\/span><\/p>\n<p><span lang=\"EN-US\">Este proceso est\u00e1 orientado a alinear, armonizar y generar un mayor orden en los sistemas organizacionales, para acercarnos y cumplir los objetivos y estrategias principales de la entidad, adem\u00e1s de integrar potenciales y programas positivos en la esencia de la empresa.<\/span><\/p>\n<p><span lang=\"EN-US\">Una sesi\u00f3n de constelaciones organizacionales busca integrar nuevas miradas, adem\u00e1s de determinar el papel que se cumple en la organizaci\u00f3n, apoya la toma de decisiones.<\/span><\/p>\n<p>Si el acompa\u00f1amiento se solicita para realizar una venta del inmueble, se propone un proceso, se ejecuta seguimiento al avance de la venta, determinando si hay alg\u00fan otro factor a nivel sist\u00e9mico que est\u00e9 generando bloqueo a este proceso.\u00a0<\/p>\n<p>Las sesiones pueden ser presenciales o virtuales.<\/p>\n<p><strong><a href=\"https:\/\/doralbacastiblanco.com\/index.php\/escribeme\/\">Si tienes alguna duda, escr\u00edbeme y hablamos para revisar tu caso particular.\u00a0<\/a><\/strong><\/p><\/div>\n\t\t\t\t<\/div>\n\t\t\t\t\t\t\t<div class=\"elementor-accordion-item\">\n\t\t\t\t\t<div id=\"elementor-tab-title-2654\" class=\"elementor-tab-title\" data-tab=\"4\" role=\"button\" aria-controls=\"elementor-tab-content-2654\" aria-expanded=\"false\">\n\t\t\t\t\t\t\t\t\t\t\t\t\t<span class=\"elementor-accordion-icon elementor-accordion-icon-left\" aria-hidden=\"true\">\n\t\t\t\t\t\t\t\t\t\t\t\t\t\t\t<span class=\"elementor-accordion-icon-closed\"><i class=\"fas fa-leaf\"><\/i><\/span>\n\t\t\t\t\t\t\t\t<span class=\"elementor-accordion-icon-opened\"><i class=\"fas fa-caret-up\"><\/i><\/span>\n\t\t\t\t\t\t\t\t\t\t\t\t\t\t<\/span>\n\t\t\t\t\t\t\t\t\t\t\t\t<a class=\"elementor-accordion-title\" tabindex=\"0\">SANEMOS TUS ESPACIOS F\u00cdSICOS<\/a>\n\t\t\t\t\t<\/div>\n\t\t\t\t\t<div id=\"elementor-tab-content-2654\" class=\"elementor-tab-content elementor-clearfix\" data-tab=\"4\" role=\"region\" aria-labelledby=\"elementor-tab-title-2654\"><p><b>\u00bfC\u00f3mo se desarrolla un proceso de sanaci\u00f3n de espacios?<\/b><\/p>\n<p>La sanaci\u00f3n de espacios (apartamentos, casas, inmuebles) y terrenos (lotes, fincas, terrenos de grandes dimensiones) es una metodolog\u00eda que con la ayuda de herramientas como la radiestesia y la sanaci\u00f3n cu\u00e1ntica, se accede a la informaci\u00f3n vibracional intangible que altera la armon\u00eda de los lugares o propiedades, ocasionando bloqueo a las ventas e incomodidad al habitar los espacios.<\/p>\n<p><span lang=\"EN-US\">Esta informaci\u00f3n se registra como programas en baja vibraci\u00f3n a nivel energ\u00e9tico, que hacen que los inmuebles vibren en una frecuencia que los hace poco atractivos, no visibles desde lo f\u00edsico, e incluso con situaciones que llevan a\u00a0 la dificultad al realizar negociaciones con estas propiedades.<\/span><\/p>\n<p><span lang=\"EN-US\">Al acceder a esta informaci\u00f3n se desinstala aquello que estanca la armon\u00eda y las ventas, se favorece el logro de las metas y al abordar los desaf\u00edos encontrados, la organizaci\u00f3n (beneficiarios) acceden a procesos arm\u00f3nicos y al cumplimiento de los objetivos con mayor facilidad.<\/span><\/p>\n<p><strong><a href=\"https:\/\/doralbacastiblanco.com\/index.php\/escribeme\/\">Si tienes alguna duda, escr\u00edbeme y hablamos para revisar tu caso particular.\u00a0<\/a><\/strong><\/p><\/div>\n\t\t\t\t<\/div>\n\t\t\t\t\t\t\t<div class=\"elementor-accordion-item\">\n\t\t\t\t\t<div id=\"elementor-tab-title-2655\" class=\"elementor-tab-title\" data-tab=\"5\" role=\"button\" aria-controls=\"elementor-tab-content-2655\" aria-expanded=\"false\">\n\t\t\t\t\t\t\t\t\t\t\t\t\t<span class=\"elementor-accordion-icon elementor-accordion-icon-left\" aria-hidden=\"true\">\n\t\t\t\t\t\t\t\t\t\t\t\t\t\t\t<span class=\"elementor-accordion-icon-closed\"><i class=\"fas fa-leaf\"><\/i><\/span>\n\t\t\t\t\t\t\t\t<span class=\"elementor-accordion-icon-opened\"><i class=\"fas fa-caret-up\"><\/i><\/span>\n\t\t\t\t\t\t\t\t\t\t\t\t\t\t<\/span>\n\t\t\t\t\t\t\t\t\t\t\t\t<a class=\"elementor-accordion-title\" tabindex=\"0\">TOMEMOS EL ORDEN ADECUADO EN NUESTRO SISTEMA FAMILIAR<\/a>\n\t\t\t\t\t<\/div>\n\t\t\t\t\t<div id=\"elementor-tab-content-2655\" class=\"elementor-tab-content elementor-clearfix\" data-tab=\"5\" role=\"region\" aria-labelledby=\"elementor-tab-title-2655\"><p><b>\u00bfQu\u00e9 aporta una constelaci\u00f3n familiar a mi vida?\u00a0<\/b><\/p>\n<p>Las Constelaciones Familiares son una terapia que\u00a0busca dar un orden adecuado al lugar que ocupamos dentro de\u00a0\u00a0nuestro Sistema Familiar, estar en el lugar inadecuado trae dificultades a nivel personal en las diferentes \u00e1reas de la vida, se busca sanar din\u00e1micas familiares que pueden causar conflictos, patrones de comportamiento desarm\u00f3nicos e incluso enfermedades.<\/p>\n<p><strong><a href=\"https:\/\/doralbacastiblanco.com\/index.php\/escribeme\/\">\u00bfQuieres que hablemos? D\u00e9jame tus datos y empecemos esta exploraci\u00f3n.<\/a><\/strong><\/p><\/div>\n\t\t\t\t<\/div>\n\t\t\t\t\t\t\t\t<\/div>\n\t\t\t\t\t\t<\/div>\n\t\t\t\t<\/div>\n\t\t\t\t\t<\/div>\n\t\t<\/div>\n\t\t\t\t\t<\/div>\n\t\t<\/section>\n\t\t\t\t<\/div>\n\t\t","protected":false},"excerpt":{"rendered":"<p>Mi misi\u00f3n es ayudarte a re-conocer la luz que hay en ti, a descubrir tu capacidad de construir la vida que sue\u00f1as y las experiencias elevadas que mereces, limpiando las capas superficiales que han dejado ocultos\u00a0 tus dones, cualidades, habilidades y talentos internos y externos que te hacen un ser \u00fanico\u00a0 y especial. Explora en [&hellip;]<\/p>\n","protected":false},"author":1,"featured_media":0,"parent":0,"menu_order":0,"comment_status":"closed","ping_status":"open","template":"","meta":{"_uag_custom_page_level_css":"","site-sidebar-layout":"default","site-content-layout":"default","ast-site-content-layout":"default","site-content-style":"default","site-sidebar-style":"default","ast-global-header-display":"","ast-banner-title-visibility":"","ast-main-header-display":"","ast-hfb-above-header-display":"","ast-hfb-below-header-display":"","ast-hfb-mobile-header-display":"","site-post-title":"","ast-breadcrumbs-content":"","ast-featured-img":"","footer-sml-layout":"","ast-disable-related-posts":"","theme-transparent-header-meta":"default","adv-header-id-meta":"","stick-header-meta":"","header-above-stick-meta":"","header-main-stick-meta":"","header-below-stick-meta":"","astra-migrate-meta-layouts":"default","ast-page-background-enabled":"default","ast-page-background-meta":{"desktop":{"background-color":"","background-image":"","background-repeat":"repeat","background-position":"center center","background-size":"auto","background-attachment":"scroll","background-type":"","background-media":"","overlay-type":"","overlay-color":"","overlay-opacity":"","overlay-gradient":""},"tablet":{"background-color":"","background-image":"","background-repeat":"repeat","background-position":"center center","background-size":"auto","background-attachment":"scroll","background-type":"","background-media":"","overlay-type":"","overlay-color":"","overlay-opacity":"","overlay-gradient":""},"mobile":{"background-color":"","background-image":"","background-repeat":"repeat","background-position":"center center","background-size":"auto","background-attachment":"scroll","background-type":"","background-media":"","overlay-type":"","overlay-color":"","overlay-opacity":"","overlay-gradient":""}},"ast-content-background-meta":{"desktop":{"background-color":"var(--ast-global-color-5)","background-image":"","background-repeat":"repeat","background-position":"center center","background-size":"auto","background-attachment":"scroll","background-type":"","background-media":"","overlay-type":"","overlay-color":"","overlay-opacity":"","overlay-gradient":""},"tablet":{"background-color":"var(--ast-global-color-5)","background-image":"","background-repeat":"repeat","background-position":"center center","background-size":"auto","background-attachment":"scroll","background-type":"","background-media":"","overlay-type":"","overlay-color":"","overlay-opacity":"","overlay-gradient":""},"mobile":{"background-color":"var(--ast-global-color-5)","background-image":"","background-repeat":"repeat","background-position":"center center","background-size":"auto","background-attachment":"scroll","background-type":"","background-media":"","overlay-type":"","overlay-color":"","overlay-opacity":"","overlay-gradient":""}},"footnotes":""},"class_list":["post-2","page","type-page","status-publish","hentry"],"uagb_featured_image_src":{"full":false,"thumbnail":false,"medium":false,"medium_large":false,"large":false,"tf-client-image-size":false,"1536x1536":false,"2048x2048":false},"uagb_author_info":{"display_name":"Doralba Castiblanco","author_link":"https:\/\/doralbacastiblanco.com\/index.php\/author\/dorcaba_2yahoo-es\/"},"uagb_comment_info":0,"uagb_excerpt":"Mi misi\u00f3n es ayudarte a re-conocer la luz que hay en ti, a descubrir tu capacidad de construir la vida que sue\u00f1as y las experiencias elevadas que mereces, limpiando las capas superficiales que han dejado ocultos\u00a0 tus dones, cualidades, habilidades y talentos internos y externos que te hacen un ser \u00fanico\u00a0 y especial. Explora en&hellip;","_links":{"self":[{"href":"https:\/\/doralbacastiblanco.com\/index.php\/wp-json\/wp\/v2\/pages\/2","targetHints":{"allow":["GET"]}}],"collection":[{"href":"https:\/\/doralbacastiblanco.com\/index.php\/wp-json\/wp\/v2\/pages"}],"about":[{"href":"https:\/\/doralbacastiblanco.com\/index.php\/wp-json\/wp\/v2\/types\/page"}],"author":[{"embeddable":true,"href":"https:\/\/doralbacastiblanco.com\/index.php\/wp-json\/wp\/v2\/users\/1"}],"replies":[{"embeddable":true,"href":"https:\/\/doralbacastiblanco.com\/index.php\/wp-json\/wp\/v2\/comments?post=2"}],"version-history":[{"count":74,"href":"https:\/\/doralbacastiblanco.com\/index.php\/wp-json\/wp\/v2\/pages\/2\/revisions"}],"predecessor-version":[{"id":3244,"href":"https:\/\/doralbacastiblanco.com\/index.php\/wp-json\/wp\/v2\/pages\/2\/revisions\/3244"}],"wp:attachment":[{"href":"https:\/\/doralbacastiblanco.com\/index.php\/wp-json\/wp\/v2\/media?parent=2"}],"curies":[{"name":"wp","href":"https:\/\/api.w.org\/{rel}","templated":true}]}}