{"id":2160,"date":"2020-10-29T19:28:25","date_gmt":"2020-10-29T19:28:25","guid":{"rendered":"http:\/\/doralbacastiblanco.com\/?page_id=2160"},"modified":"2020-11-19T01:15:11","modified_gmt":"2020-11-19T01:15:11","slug":"recursos-para-una-vida-mejor","status":"publish","type":"page","link":"https:\/\/doralbacastiblanco.com\/index.php\/recursos-para-una-vida-mejor\/","title":{"rendered":"RECURSOS"},"content":{"rendered":"\t\t<div data-elementor-type=\"wp-page\" data-elementor-id=\"2160\" class=\"elementor elementor-2160\">\n\t\t\t\t\t\t<section class=\"elementor-section elementor-top-section elementor-element elementor-element-4f494e2 elementor-section-boxed elementor-section-height-default elementor-section-height-default\" data-id=\"4f494e2\" data-element_type=\"section\" data-e-type=\"section\">\n\t\t\t\t\t\t<div class=\"elementor-container elementor-column-gap-default\">\n\t\t\t\t\t<div class=\"elementor-column elementor-col-100 elementor-top-column elementor-element elementor-element-f18dd06\" data-id=\"f18dd06\" data-element_type=\"column\" data-e-type=\"column\">\n\t\t\t<div class=\"elementor-widget-wrap elementor-element-populated\">\n\t\t\t\t\t\t<div class=\"elementor-element elementor-element-d53276d elementor-widget elementor-widget-text-editor\" data-id=\"d53276d\" data-element_type=\"widget\" data-e-type=\"widget\" data-widget_type=\"text-editor.default\">\n\t\t\t\t<div class=\"elementor-widget-container\">\n\t\t\t\t\t\t\t\t\t<p>En este espacio crear\u00e9 para ti una lista de recursos para ayudarte a encontrar tu brillo entre los pasos cotidianos de los d\u00edas. Te invito a dar clic sobre la imagen para descubrir el regalo que hoy est\u00e1 destinado para hallar tus ojos.<\/p><p><a href=\"https:\/\/doralbacastiblanco.com\/index.php\/5-herramientas-super-poderosas-para-elevar-tu-energia-vibracional\/\"><img fetchpriority=\"high\" decoding=\"async\" class=\"alignnone wp-image-2739 size-medium\" src=\"http:\/\/doralbacastiblanco.com\/wp-content\/uploads\/2020\/11\/Doralba-kit-regalo-199x300.png\" alt=\"\" width=\"199\" height=\"300\" srcset=\"https:\/\/doralbacastiblanco.com\/wp-content\/uploads\/2020\/11\/Doralba-kit-regalo-199x300.png 199w, https:\/\/doralbacastiblanco.com\/wp-content\/uploads\/2020\/11\/Doralba-kit-regalo-680x1024.png 680w, https:\/\/doralbacastiblanco.com\/wp-content\/uploads\/2020\/11\/Doralba-kit-regalo-768x1157.png 768w, https:\/\/doralbacastiblanco.com\/wp-content\/uploads\/2020\/11\/Doralba-kit-regalo.png 822w\" sizes=\"(max-width: 199px) 100vw, 199px\" \/><\/a><\/p>\t\t\t\t\t\t\t\t<\/div>\n\t\t\t\t<\/div>\n\t\t\t\t\t<\/div>\n\t\t<\/div>\n\t\t\t\t\t<\/div>\n\t\t<\/section>\n\t\t\t\t<\/div>\n\t\t","protected":false},"excerpt":{"rendered":"<p>En este espacio crear\u00e9 para ti una lista de recursos para ayudarte a encontrar tu brillo entre los pasos cotidianos de los d\u00edas. Te invito a dar clic sobre la imagen para descubrir el regalo que hoy est\u00e1 destinado para hallar tus ojos.<\/p>\n","protected":false},"author":1,"featured_media":0,"parent":0,"menu_order":0,"comment_status":"closed","ping_status":"closed","template":"","meta":{"_uag_custom_page_level_css":"","site-sidebar-layout":"no-sidebar","site-content-layout":"page-builder","ast-site-content-layout":"default","site-content-style":"default","site-sidebar-style":"default","ast-global-header-display":"","ast-banner-title-visibility":"","ast-main-header-display":"","ast-hfb-above-header-display":"","ast-hfb-below-header-display":"","ast-hfb-mobile-header-display":"","site-post-title":"disabled","ast-breadcrumbs-content":"","ast-featured-img":"disabled","footer-sml-layout":"","ast-disable-related-posts":"","theme-transparent-header-meta":"default","adv-header-id-meta":"","stick-header-meta":"","header-above-stick-meta":"","header-main-stick-meta":"","header-below-stick-meta":"","astra-migrate-meta-layouts":"default","ast-page-background-enabled":"default","ast-page-background-meta":{"desktop":{"background-color":"","background-image":"","background-repeat":"repeat","background-position":"center center","background-size":"auto","background-attachment":"scroll","background-type":"","background-media":"","overlay-type":"","overlay-color":"","overlay-opacity":"","overlay-gradient":""},"tablet":{"background-color":"","background-image":"","background-repeat":"repeat","background-position":"center center","background-size":"auto","background-attachment":"scroll","background-type":"","background-media":"","overlay-type":"","overlay-color":"","overlay-opacity":"","overlay-gradient":""},"mobile":{"background-color":"","background-image":"","background-repeat":"repeat","background-position":"center center","background-size":"auto","background-attachment":"scroll","background-type":"","background-media":"","overlay-type":"","overlay-color":"","overlay-opacity":"","overlay-gradient":""}},"ast-content-background-meta":{"desktop":{"background-color":"var(--ast-global-color-5)","background-image":"","background-repeat":"repeat","background-position":"center center","background-size":"auto","background-attachment":"scroll","background-type":"","background-media":"","overlay-type":"","overlay-color":"","overlay-opacity":"","overlay-gradient":""},"tablet":{"background-color":"var(--ast-global-color-5)","background-image":"","background-repeat":"repeat","background-position":"center center","background-size":"auto","background-attachment":"scroll","background-type":"","background-media":"","overlay-type":"","overlay-color":"","overlay-opacity":"","overlay-gradient":""},"mobile":{"background-color":"var(--ast-global-color-5)","background-image":"","background-repeat":"repeat","background-position":"center center","background-size":"auto","background-attachment":"scroll","background-type":"","background-media":"","overlay-type":"","overlay-color":"","overlay-opacity":"","overlay-gradient":""}},"footnotes":""},"class_list":["post-2160","page","type-page","status-publish","hentry"],"uagb_featured_image_src":{"full":false,"thumbnail":false,"medium":false,"medium_large":false,"large":false,"tf-client-image-size":false,"1536x1536":false,"2048x2048":false},"uagb_author_info":{"display_name":"Doralba Castiblanco","author_link":"https:\/\/doralbacastiblanco.com\/index.php\/author\/dorcaba_2yahoo-es\/"},"uagb_comment_info":0,"uagb_excerpt":"En este espacio crear\u00e9 para ti una lista de recursos para ayudarte a encontrar tu brillo entre los pasos cotidianos de los d\u00edas. Te invito a dar clic sobre la imagen para descubrir el regalo que hoy est\u00e1 destinado para hallar tus ojos.","_links":{"self":[{"href":"https:\/\/doralbacastiblanco.com\/index.php\/wp-json\/wp\/v2\/pages\/2160","targetHints":{"allow":["GET"]}}],"collection":[{"href":"https:\/\/doralbacastiblanco.com\/index.php\/wp-json\/wp\/v2\/pages"}],"about":[{"href":"https:\/\/doralbacastiblanco.com\/index.php\/wp-json\/wp\/v2\/types\/page"}],"author":[{"embeddable":true,"href":"https:\/\/doralbacastiblanco.com\/index.php\/wp-json\/wp\/v2\/users\/1"}],"replies":[{"embeddable":true,"href":"https:\/\/doralbacastiblanco.com\/index.php\/wp-json\/wp\/v2\/comments?post=2160"}],"version-history":[{"count":27,"href":"https:\/\/doralbacastiblanco.com\/index.php\/wp-json\/wp\/v2\/pages\/2160\/revisions"}],"predecessor-version":[{"id":2786,"href":"https:\/\/doralbacastiblanco.com\/index.php\/wp-json\/wp\/v2\/pages\/2160\/revisions\/2786"}],"wp:attachment":[{"href":"https:\/\/doralbacastiblanco.com\/index.php\/wp-json\/wp\/v2\/media?parent=2160"}],"curies":[{"name":"wp","href":"https:\/\/api.w.org\/{rel}","templated":true}]}}