{"id":2543,"date":"2020-11-06T20:43:54","date_gmt":"2020-11-06T20:43:54","guid":{"rendered":"http:\/\/doralbacastiblanco.com\/?page_id=2543"},"modified":"2025-06-12T16:02:13","modified_gmt":"2025-06-12T16:02:13","slug":"atravesemos-juntos-tu-duelo","status":"publish","type":"page","link":"https:\/\/doralbacastiblanco.com\/index.php\/atravesemos-juntos-tu-duelo\/","title":{"rendered":"EXPLOREMOS TU ENERG\u00cdA PERSONAL DESDE LA CU\u00c1NTICA"},"content":{"rendered":"\t\t<div data-elementor-type=\"wp-page\" data-elementor-id=\"2543\" class=\"elementor elementor-2543\">\n\t\t\t\t\t\t<section class=\"elementor-section elementor-top-section elementor-element elementor-element-f15b93e elementor-section-boxed elementor-section-height-default elementor-section-height-default\" data-id=\"f15b93e\" data-element_type=\"section\" data-e-type=\"section\">\n\t\t\t\t\t\t<div class=\"elementor-container elementor-column-gap-default\">\n\t\t\t\t\t<div class=\"elementor-column elementor-col-100 elementor-top-column elementor-element elementor-element-29fb1c44\" data-id=\"29fb1c44\" data-element_type=\"column\" data-e-type=\"column\">\n\t\t\t<div class=\"elementor-widget-wrap elementor-element-populated\">\n\t\t\t\t\t\t<div class=\"elementor-element elementor-element-73c03743 elementor-widget elementor-widget-text-editor\" data-id=\"73c03743\" data-element_type=\"widget\" data-e-type=\"widget\" data-widget_type=\"text-editor.default\">\n\t\t\t\t<div class=\"elementor-widget-container\">\n\t\t\t\t\t\t\t\t\t<p><img decoding=\"async\" class=\"aligncenter\" src=\"http:\/\/doralbacastiblanco.com\/wp-content\/uploads\/2020\/11\/Hoja-Doralba-300x99.png\" alt=\"\" width=\"300\" height=\"99\" \/><\/p><p><b style=\"font-style: inherit; background-color: var(--ast-global-color-5);\">\u00bfCu\u00e1l es el alcance de un proceso de sanaci\u00f3n y armonizaci\u00f3n energ\u00e9tica en una persona?\u00a0<\/b><b>\u00a0<\/b><\/p><p><span lang=\"ES\">Este m\u00e9todo terap\u00e9utico busca a trav\u00e9s de la indagaci\u00f3n de la energ\u00eda personal, armonizar y elevar la frecuencia vibratoria del consultante.<\/span><\/p><p><span lang=\"ES-MX\">Desde la perspectiva de la cu\u00e1ntica, el universo entero est\u00e1 relacionado a una red energ\u00e9tica vibratoria y cada ser humano se integra a esta energ\u00eda, de acuerdo a su forma de pensar y de sentir, desde su vibraci\u00f3n personal env\u00eda permanentemente informaci\u00f3n al entorno y el entorno devuelve energ\u00eda de la misma frecuencia.<\/span><\/p><p><span lang=\"ES-MX\">Un proceso basado en exploraci\u00f3n energ\u00e9tica, consiste en un acompa\u00f1amiento durante varias sesiones (m\u00ednimo tres), para explorar las razones por las cuales se ha desarmonizado la energ\u00eda personal, se busca crear consciencia de la importancia del cambio a nivel de pensamientos, de emociones y de las acciones necesarias para integrar una transformaci\u00f3n interna y vibracional.<\/span><\/p><p><span style=\"font-size: 17px; background-color: var(--ast-global-color-5);\">Gracias a\u00a0la energ\u00eda cu\u00e1ntica es posible ingresar a explorar los campos vibratorios,\u00a0 se interviene la energ\u00eda desde los campos sutiles, para detectar patrones y razones de desarmon\u00eda, buscando dar un nuevo orden en la vibraci\u00f3n, donde no es necesario el contacto f\u00edsico.<\/span><\/p><p><strong style=\"font-size: 17px; background-color: var(--ast-global-color-5);\"><a href=\"https:\/\/doralbacastiblanco.com\/index.php\/escribeme\/\">Si tienes alguna duda, escr\u00edbeme y hablamos para revisar tu caso particular.\u00a0<\/a><\/strong><\/p><p><img decoding=\"async\" class=\"aligncenter\" src=\"http:\/\/doralbacastiblanco.com\/wp-content\/uploads\/2020\/11\/Hoja-Doralba-300x99.png\" alt=\"\" width=\"300\" height=\"99\" \/><\/p><p><!-- \/wp:paragraph --><\/p>\t\t\t\t\t\t\t\t<\/div>\n\t\t\t\t<\/div>\n\t\t\t\t\t<\/div>\n\t\t<\/div>\n\t\t\t\t\t<\/div>\n\t\t<\/section>\n\t\t\t\t<section class=\"elementor-section elementor-top-section elementor-element elementor-element-555e685 elementor-section-boxed elementor-section-height-default elementor-section-height-default\" data-id=\"555e685\" data-element_type=\"section\" data-e-type=\"section\">\n\t\t\t\t\t\t<div class=\"elementor-container elementor-column-gap-default\">\n\t\t\t\t\t<div class=\"elementor-column elementor-col-100 elementor-top-column elementor-element elementor-element-18431d6\" data-id=\"18431d6\" data-element_type=\"column\" data-e-type=\"column\">\n\t\t\t<div class=\"elementor-widget-wrap elementor-element-populated\">\n\t\t\t\t\t\t<div class=\"elementor-element elementor-element-2f4aba6 elementor-widget elementor-widget-video\" data-id=\"2f4aba6\" data-element_type=\"widget\" data-e-type=\"widget\" data-settings=\"{&quot;video_type&quot;:&quot;hosted&quot;,&quot;start&quot;:0,&quot;autoplay&quot;:&quot;yes&quot;,&quot;play_on_mobile&quot;:&quot;yes&quot;,&quot;controls&quot;:&quot;yes&quot;}\" data-widget_type=\"video.default\">\n\t\t\t\t<div class=\"elementor-widget-container\">\n\t\t\t\t\t\t\t<div class=\"e-hosted-video elementor-wrapper elementor-open-inline\">\n\t\t\t\t\t<video class=\"elementor-video\" src=\"https:\/\/youtube.com\/shorts\/qlekT--82do?feature=share\" autoplay=\"\" controls=\"\" playsinline=\"\" controlsList=\"nodownload\"><\/video>\n\t\t\t\t<\/div>\n\t\t\t\t\t\t<\/div>\n\t\t\t\t<\/div>\n\t\t\t\t\t<\/div>\n\t\t<\/div>\n\t\t\t\t\t<\/div>\n\t\t<\/section>\n\t\t\t\t<section class=\"elementor-section elementor-top-section elementor-element elementor-element-23b6f42 elementor-section-boxed elementor-section-height-default elementor-section-height-default\" data-id=\"23b6f42\" data-element_type=\"section\" data-e-type=\"section\">\n\t\t\t\t\t\t<div class=\"elementor-container elementor-column-gap-default\">\n\t\t\t\t\t<div class=\"elementor-column elementor-col-100 elementor-top-column elementor-element elementor-element-07745fb\" data-id=\"07745fb\" data-element_type=\"column\" data-e-type=\"column\">\n\t\t\t<div class=\"elementor-widget-wrap elementor-element-populated\">\n\t\t\t\t\t\t\t<\/div>\n\t\t<\/div>\n\t\t\t\t\t<\/div>\n\t\t<\/section>\n\t\t\t\t<\/div>\n\t\t","protected":false},"excerpt":{"rendered":"<p>\u00bfCu\u00e1l es el alcance de un proceso de sanaci\u00f3n y armonizaci\u00f3n energ\u00e9tica en una persona?\u00a0\u00a0 Este m\u00e9todo terap\u00e9utico busca a trav\u00e9s de la indagaci\u00f3n de la energ\u00eda personal, armonizar y elevar la frecuencia vibratoria del consultante. Desde la perspectiva de la cu\u00e1ntica, el universo entero est\u00e1 relacionado a una red energ\u00e9tica vibratoria y cada ser [&hellip;]<\/p>\n","protected":false},"author":1,"featured_media":0,"parent":0,"menu_order":0,"comment_status":"closed","ping_status":"open","template":"","meta":{"_uag_custom_page_level_css":"","site-sidebar-layout":"default","site-content-layout":"default","ast-site-content-layout":"default","site-content-style":"default","site-sidebar-style":"default","ast-global-header-display":"","ast-banner-title-visibility":"","ast-main-header-display":"","ast-hfb-above-header-display":"","ast-hfb-below-header-display":"","ast-hfb-mobile-header-display":"","site-post-title":"","ast-breadcrumbs-content":"","ast-featured-img":"","footer-sml-layout":"","ast-disable-related-posts":"","theme-transparent-header-meta":"default","adv-header-id-meta":"","stick-header-meta":"","header-above-stick-meta":"","header-main-stick-meta":"","header-below-stick-meta":"","astra-migrate-meta-layouts":"default","ast-page-background-enabled":"default","ast-page-background-meta":{"desktop":{"background-color":"","background-image":"","background-repeat":"repeat","background-position":"center center","background-size":"auto","background-attachment":"scroll","background-type":"","background-media":"","overlay-type":"","overlay-color":"","overlay-opacity":"","overlay-gradient":""},"tablet":{"background-color":"","background-image":"","background-repeat":"repeat","background-position":"center center","background-size":"auto","background-attachment":"scroll","background-type":"","background-media":"","overlay-type":"","overlay-color":"","overlay-opacity":"","overlay-gradient":""},"mobile":{"background-color":"","background-image":"","background-repeat":"repeat","background-position":"center center","background-size":"auto","background-attachment":"scroll","background-type":"","background-media":"","overlay-type":"","overlay-color":"","overlay-opacity":"","overlay-gradient":""}},"ast-content-background-meta":{"desktop":{"background-color":"var(--ast-global-color-5)","background-image":"","background-repeat":"repeat","background-position":"center center","background-size":"auto","background-attachment":"scroll","background-type":"","background-media":"","overlay-type":"","overlay-color":"","overlay-opacity":"","overlay-gradient":""},"tablet":{"background-color":"var(--ast-global-color-5)","background-image":"","background-repeat":"repeat","background-position":"center center","background-size":"auto","background-attachment":"scroll","background-type":"","background-media":"","overlay-type":"","overlay-color":"","overlay-opacity":"","overlay-gradient":""},"mobile":{"background-color":"var(--ast-global-color-5)","background-image":"","background-repeat":"repeat","background-position":"center center","background-size":"auto","background-attachment":"scroll","background-type":"","background-media":"","overlay-type":"","overlay-color":"","overlay-opacity":"","overlay-gradient":""}},"footnotes":""},"class_list":["post-2543","page","type-page","status-publish","hentry"],"uagb_featured_image_src":{"full":false,"thumbnail":false,"medium":false,"medium_large":false,"large":false,"tf-client-image-size":false,"1536x1536":false,"2048x2048":false},"uagb_author_info":{"display_name":"Doralba Castiblanco","author_link":"https:\/\/doralbacastiblanco.com\/index.php\/author\/dorcaba_2yahoo-es\/"},"uagb_comment_info":0,"uagb_excerpt":"\u00bfCu\u00e1l es el alcance de un proceso de sanaci\u00f3n y armonizaci\u00f3n energ\u00e9tica en una persona?\u00a0\u00a0 Este m\u00e9todo terap\u00e9utico busca a trav\u00e9s de la indagaci\u00f3n de la energ\u00eda personal, armonizar y elevar la frecuencia vibratoria del consultante. Desde la perspectiva de la cu\u00e1ntica, el universo entero est\u00e1 relacionado a una red energ\u00e9tica vibratoria y cada ser&hellip;","_links":{"self":[{"href":"https:\/\/doralbacastiblanco.com\/index.php\/wp-json\/wp\/v2\/pages\/2543","targetHints":{"allow":["GET"]}}],"collection":[{"href":"https:\/\/doralbacastiblanco.com\/index.php\/wp-json\/wp\/v2\/pages"}],"about":[{"href":"https:\/\/doralbacastiblanco.com\/index.php\/wp-json\/wp\/v2\/types\/page"}],"author":[{"embeddable":true,"href":"https:\/\/doralbacastiblanco.com\/index.php\/wp-json\/wp\/v2\/users\/1"}],"replies":[{"embeddable":true,"href":"https:\/\/doralbacastiblanco.com\/index.php\/wp-json\/wp\/v2\/comments?post=2543"}],"version-history":[{"count":22,"href":"https:\/\/doralbacastiblanco.com\/index.php\/wp-json\/wp\/v2\/pages\/2543\/revisions"}],"predecessor-version":[{"id":3218,"href":"https:\/\/doralbacastiblanco.com\/index.php\/wp-json\/wp\/v2\/pages\/2543\/revisions\/3218"}],"wp:attachment":[{"href":"https:\/\/doralbacastiblanco.com\/index.php\/wp-json\/wp\/v2\/media?parent=2543"}],"curies":[{"name":"wp","href":"https:\/\/api.w.org\/{rel}","templated":true}]}}