{"id":2548,"date":"2020-11-06T20:46:21","date_gmt":"2020-11-06T20:46:21","guid":{"rendered":"http:\/\/doralbacastiblanco.com\/?page_id=2548"},"modified":"2025-02-03T16:20:30","modified_gmt":"2025-02-03T16:20:30","slug":"descubramos-tu-brillo-interno","status":"publish","type":"page","link":"https:\/\/doralbacastiblanco.com\/index.php\/descubramos-tu-brillo-interno\/","title":{"rendered":"SANEMOS TUS ESPACIOS F\u00cdSICOS"},"content":{"rendered":"\t\t<div data-elementor-type=\"wp-page\" data-elementor-id=\"2548\" class=\"elementor elementor-2548\">\n\t\t\t\t\t\t<section class=\"elementor-section elementor-top-section elementor-element elementor-element-f15b93e elementor-section-boxed elementor-section-height-default elementor-section-height-default\" data-id=\"f15b93e\" data-element_type=\"section\" data-e-type=\"section\">\n\t\t\t\t\t\t<div class=\"elementor-container elementor-column-gap-default\">\n\t\t\t\t\t<div class=\"elementor-column elementor-col-100 elementor-top-column elementor-element elementor-element-29fb1c44\" data-id=\"29fb1c44\" data-element_type=\"column\" data-e-type=\"column\">\n\t\t\t<div class=\"elementor-widget-wrap elementor-element-populated\">\n\t\t\t\t\t\t<div class=\"elementor-element elementor-element-73c03743 elementor-widget__width-initial elementor-widget elementor-widget-text-editor\" data-id=\"73c03743\" data-element_type=\"widget\" data-e-type=\"widget\" data-widget_type=\"text-editor.default\">\n\t\t\t\t<div class=\"elementor-widget-container\">\n\t\t\t\t\t\t\t\t\t<p><img decoding=\"async\" class=\"aligncenter\" src=\"http:\/\/doralbacastiblanco.com\/wp-content\/uploads\/2020\/11\/Hoja-Doralba-300x99.png\" alt=\"\" width=\"300\" height=\"99\" \/><\/p>\n<p><b>\u00bfC\u00f3mo se desarrolla un proceso de sanaci\u00f3n de espacios?<\/b><\/p>\n<p><span style=\"font-size: 17px; background-color: var(--ast-global-color-5);\">La sanaci\u00f3n de espacios (apartamentos, casas, inmuebles) y terrenos (lotes, fincas, terrenos de grandes dimensiones) es una metodolog\u00eda que con la ayuda de herramientas como la radiestesia y la sanaci\u00f3n cu\u00e1ntica, se accede a la informaci\u00f3n vibracional intangible que altera la armon\u00eda de los lugares o propiedades, ocasionando bloqueo a las ventas e incomodidad al habitar los espacios.<\/span><\/p>\n<p><span lang=\"EN-US\">Esta informaci\u00f3n se registra como programas en baja vibraci\u00f3n a nivel energ\u00e9tico, que hacen que los inmuebles vibren en una frecuencia que los hace poco atractivos, no visibles desde lo f\u00edsico, e incluso con situaciones que llevan a\u00a0 la dificultad al realizar negociaciones con estas propiedades.<\/span><\/p>\n<p><span lang=\"EN-US\">Al acceder a esta informaci\u00f3n se desinstala aquello que estanca la armon\u00eda y las ventas, se favorece el logro de las metas y al abordar los desaf\u00edos encontrados, la organizaci\u00f3n (beneficiarios) acceden a procesos arm\u00f3nicos y al cumplimiento de los objetivos con mayor facilidad.<\/span><\/p>\n<p><strong><a href=\"https:\/\/doralbacastiblanco.com\/index.php\/escribeme\/\">Si tienes alguna duda, escr\u00edbeme y hablamos para revisar tu caso particular.\u00a0<\/a><\/strong><\/p>\n<p>\u00a0<\/p>\n<p><img decoding=\"async\" class=\"aligncenter\" src=\"http:\/\/doralbacastiblanco.com\/wp-content\/uploads\/2020\/11\/Hoja-Doralba-300x99.png\" alt=\"\" width=\"300\" height=\"99\" \/><\/p>\n<p><!-- \/wp:paragraph --><\/p>\t\t\t\t\t\t\t\t<\/div>\n\t\t\t\t<\/div>\n\t\t\t\t\t<\/div>\n\t\t<\/div>\n\t\t\t\t\t<\/div>\n\t\t<\/section>\n\t\t\t\t<\/div>\n\t\t","protected":false},"excerpt":{"rendered":"<p>\u00bfC\u00f3mo se desarrolla un proceso de sanaci\u00f3n de espacios? La sanaci\u00f3n de espacios (apartamentos, casas, inmuebles) y terrenos (lotes, fincas, terrenos de grandes dimensiones) es una metodolog\u00eda que con la ayuda de herramientas como la radiestesia y la sanaci\u00f3n cu\u00e1ntica, se accede a la informaci\u00f3n vibracional intangible que altera la armon\u00eda de los lugares o [&hellip;]<\/p>\n","protected":false},"author":1,"featured_media":0,"parent":0,"menu_order":0,"comment_status":"closed","ping_status":"open","template":"","meta":{"_uag_custom_page_level_css":"","site-sidebar-layout":"default","site-content-layout":"default","ast-site-content-layout":"default","site-content-style":"default","site-sidebar-style":"default","ast-global-header-display":"","ast-banner-title-visibility":"","ast-main-header-display":"","ast-hfb-above-header-display":"","ast-hfb-below-header-display":"","ast-hfb-mobile-header-display":"","site-post-title":"","ast-breadcrumbs-content":"","ast-featured-img":"","footer-sml-layout":"","ast-disable-related-posts":"","theme-transparent-header-meta":"default","adv-header-id-meta":"","stick-header-meta":"","header-above-stick-meta":"","header-main-stick-meta":"","header-below-stick-meta":"","astra-migrate-meta-layouts":"default","ast-page-background-enabled":"default","ast-page-background-meta":{"desktop":{"background-color":"","background-image":"","background-repeat":"repeat","background-position":"center center","background-size":"auto","background-attachment":"scroll","background-type":"","background-media":"","overlay-type":"","overlay-color":"","overlay-opacity":"","overlay-gradient":""},"tablet":{"background-color":"","background-image":"","background-repeat":"repeat","background-position":"center center","background-size":"auto","background-attachment":"scroll","background-type":"","background-media":"","overlay-type":"","overlay-color":"","overlay-opacity":"","overlay-gradient":""},"mobile":{"background-color":"","background-image":"","background-repeat":"repeat","background-position":"center center","background-size":"auto","background-attachment":"scroll","background-type":"","background-media":"","overlay-type":"","overlay-color":"","overlay-opacity":"","overlay-gradient":""}},"ast-content-background-meta":{"desktop":{"background-color":"var(--ast-global-color-5)","background-image":"","background-repeat":"repeat","background-position":"center center","background-size":"auto","background-attachment":"scroll","background-type":"","background-media":"","overlay-type":"","overlay-color":"","overlay-opacity":"","overlay-gradient":""},"tablet":{"background-color":"var(--ast-global-color-5)","background-image":"","background-repeat":"repeat","background-position":"center center","background-size":"auto","background-attachment":"scroll","background-type":"","background-media":"","overlay-type":"","overlay-color":"","overlay-opacity":"","overlay-gradient":""},"mobile":{"background-color":"var(--ast-global-color-5)","background-image":"","background-repeat":"repeat","background-position":"center center","background-size":"auto","background-attachment":"scroll","background-type":"","background-media":"","overlay-type":"","overlay-color":"","overlay-opacity":"","overlay-gradient":""}},"footnotes":""},"class_list":["post-2548","page","type-page","status-publish","hentry"],"uagb_featured_image_src":{"full":false,"thumbnail":false,"medium":false,"medium_large":false,"large":false,"tf-client-image-size":false,"1536x1536":false,"2048x2048":false},"uagb_author_info":{"display_name":"Doralba Castiblanco","author_link":"https:\/\/doralbacastiblanco.com\/index.php\/author\/dorcaba_2yahoo-es\/"},"uagb_comment_info":0,"uagb_excerpt":"\u00bfC\u00f3mo se desarrolla un proceso de sanaci\u00f3n de espacios? La sanaci\u00f3n de espacios (apartamentos, casas, inmuebles) y terrenos (lotes, fincas, terrenos de grandes dimensiones) es una metodolog\u00eda que con la ayuda de herramientas como la radiestesia y la sanaci\u00f3n cu\u00e1ntica, se accede a la informaci\u00f3n vibracional intangible que altera la armon\u00eda de los lugares o&hellip;","_links":{"self":[{"href":"https:\/\/doralbacastiblanco.com\/index.php\/wp-json\/wp\/v2\/pages\/2548","targetHints":{"allow":["GET"]}}],"collection":[{"href":"https:\/\/doralbacastiblanco.com\/index.php\/wp-json\/wp\/v2\/pages"}],"about":[{"href":"https:\/\/doralbacastiblanco.com\/index.php\/wp-json\/wp\/v2\/types\/page"}],"author":[{"embeddable":true,"href":"https:\/\/doralbacastiblanco.com\/index.php\/wp-json\/wp\/v2\/users\/1"}],"replies":[{"embeddable":true,"href":"https:\/\/doralbacastiblanco.com\/index.php\/wp-json\/wp\/v2\/comments?post=2548"}],"version-history":[{"count":14,"href":"https:\/\/doralbacastiblanco.com\/index.php\/wp-json\/wp\/v2\/pages\/2548\/revisions"}],"predecessor-version":[{"id":3107,"href":"https:\/\/doralbacastiblanco.com\/index.php\/wp-json\/wp\/v2\/pages\/2548\/revisions\/3107"}],"wp:attachment":[{"href":"https:\/\/doralbacastiblanco.com\/index.php\/wp-json\/wp\/v2\/media?parent=2548"}],"curies":[{"name":"wp","href":"https:\/\/api.w.org\/{rel}","templated":true}]}}