{"id":2553,"date":"2020-11-06T20:48:15","date_gmt":"2020-11-06T20:48:15","guid":{"rendered":"http:\/\/doralbacastiblanco.com\/?page_id=2553"},"modified":"2025-02-03T16:28:50","modified_gmt":"2025-02-03T16:28:50","slug":"exploremos-la-energia-cuantica","status":"publish","type":"page","link":"https:\/\/doralbacastiblanco.com\/index.php\/exploremos-la-energia-cuantica\/","title":{"rendered":"TOMEMOS EL ORDEN ADECUADO EN NUESTRO SISTEMA FAMILIAR"},"content":{"rendered":"\t\t<div data-elementor-type=\"wp-page\" data-elementor-id=\"2553\" class=\"elementor elementor-2553\">\n\t\t\t\t\t\t<section class=\"elementor-section elementor-top-section elementor-element elementor-element-f15b93e elementor-section-boxed elementor-section-height-default elementor-section-height-default\" data-id=\"f15b93e\" data-element_type=\"section\" data-e-type=\"section\">\n\t\t\t\t\t\t<div class=\"elementor-container elementor-column-gap-default\">\n\t\t\t\t\t<div class=\"elementor-column elementor-col-100 elementor-top-column elementor-element elementor-element-29fb1c44\" data-id=\"29fb1c44\" data-element_type=\"column\" data-e-type=\"column\">\n\t\t\t<div class=\"elementor-widget-wrap elementor-element-populated\">\n\t\t\t\t\t\t<div class=\"elementor-element elementor-element-73c03743 elementor-widget elementor-widget-text-editor\" data-id=\"73c03743\" data-element_type=\"widget\" data-e-type=\"widget\" data-widget_type=\"text-editor.default\">\n\t\t\t\t<div class=\"elementor-widget-container\">\n\t\t\t\t\t\t\t\t\t<p><img decoding=\"async\" class=\"aligncenter\" src=\"http:\/\/doralbacastiblanco.com\/wp-content\/uploads\/2020\/11\/Hoja-Doralba-300x99.png\" alt=\"\" width=\"300\" height=\"99\" \/><\/p>\n<p><b style=\"font-style: inherit; background-color: var(--ast-global-color-5);\">\u00a0<\/b><\/p>\n<p><b style=\"font-style: inherit; background-color: var(--ast-global-color-5);\">\u00a0<\/b><\/p>\n<p><b style=\"font-style: inherit; background-color: var(--ast-global-color-5);\">\u00bfQu\u00e9 aporta una constelaci\u00f3n familiar a mi vida?\u00a0<\/b><\/p>\n<p><span style=\"font-size: 17px; background-color: var(--ast-global-color-5);\">Las Constelaciones Familiares son una terapia que<\/span><span style=\"font-size: 17px; background-color: var(--ast-global-color-5);\">\u00a0<\/span><span style=\"font-size: 17px; background-color: var(--ast-global-color-5);\">busca dar un orden adecuado al lugar que ocupamos dentro de<\/span><span style=\"font-size: 17px; background-color: var(--ast-global-color-5);\">\u00a0 <\/span><span style=\"font-size: 17px; background-color: var(--ast-global-color-5);\">nuestro Sistema Familiar, estar en el lugar inadecuado trae dificultades a nivel personal en las diferentes \u00e1reas de la vida, se busca sanar din\u00e1micas familiares que pueden causar conflictos, patrones de comportamiento desarm\u00f3nicos e incluso enfermedades.<\/span><\/p>\n<p><strong style=\"font-size: 17px; background-color: var(--ast-global-color-5);\"><a href=\"https:\/\/doralbacastiblanco.com\/index.php\/escribeme\/\">\u00bfQuieres que hablemos? D\u00e9jame tus datos y empecemos esta exploraci\u00f3n.<\/a><\/strong><\/p>\n<p><strong>\u00a0<\/strong><\/p>\n<p>\u00a0<\/p>\n<p><img decoding=\"async\" class=\"aligncenter\" src=\"http:\/\/doralbacastiblanco.com\/wp-content\/uploads\/2020\/11\/Hoja-Doralba-300x99.png\" alt=\"\" width=\"300\" height=\"99\" \/><\/p>\n<p><!-- \/wp:paragraph --><\/p>\t\t\t\t\t\t\t\t<\/div>\n\t\t\t\t<\/div>\n\t\t\t\t\t<\/div>\n\t\t<\/div>\n\t\t\t\t\t<\/div>\n\t\t<\/section>\n\t\t\t\t<\/div>\n\t\t","protected":false},"excerpt":{"rendered":"<p>\u00a0 \u00a0 \u00bfQu\u00e9 aporta una constelaci\u00f3n familiar a mi vida?\u00a0 Las Constelaciones Familiares son una terapia que\u00a0busca dar un orden adecuado al lugar que ocupamos dentro de\u00a0 nuestro Sistema Familiar, estar en el lugar inadecuado trae dificultades a nivel personal en las diferentes \u00e1reas de la vida, se busca sanar din\u00e1micas familiares que pueden causar [&hellip;]<\/p>\n","protected":false},"author":1,"featured_media":0,"parent":0,"menu_order":0,"comment_status":"closed","ping_status":"open","template":"","meta":{"_uag_custom_page_level_css":"","site-sidebar-layout":"default","site-content-layout":"default","ast-site-content-layout":"default","site-content-style":"default","site-sidebar-style":"default","ast-global-header-display":"","ast-banner-title-visibility":"","ast-main-header-display":"","ast-hfb-above-header-display":"","ast-hfb-below-header-display":"","ast-hfb-mobile-header-display":"","site-post-title":"","ast-breadcrumbs-content":"","ast-featured-img":"","footer-sml-layout":"","ast-disable-related-posts":"","theme-transparent-header-meta":"default","adv-header-id-meta":"","stick-header-meta":"","header-above-stick-meta":"","header-main-stick-meta":"","header-below-stick-meta":"","astra-migrate-meta-layouts":"default","ast-page-background-enabled":"default","ast-page-background-meta":{"desktop":{"background-color":"","background-image":"","background-repeat":"repeat","background-position":"center center","background-size":"auto","background-attachment":"scroll","background-type":"","background-media":"","overlay-type":"","overlay-color":"","overlay-opacity":"","overlay-gradient":""},"tablet":{"background-color":"","background-image":"","background-repeat":"repeat","background-position":"center center","background-size":"auto","background-attachment":"scroll","background-type":"","background-media":"","overlay-type":"","overlay-color":"","overlay-opacity":"","overlay-gradient":""},"mobile":{"background-color":"","background-image":"","background-repeat":"repeat","background-position":"center center","background-size":"auto","background-attachment":"scroll","background-type":"","background-media":"","overlay-type":"","overlay-color":"","overlay-opacity":"","overlay-gradient":""}},"ast-content-background-meta":{"desktop":{"background-color":"var(--ast-global-color-5)","background-image":"","background-repeat":"repeat","background-position":"center center","background-size":"auto","background-attachment":"scroll","background-type":"","background-media":"","overlay-type":"","overlay-color":"","overlay-opacity":"","overlay-gradient":""},"tablet":{"background-color":"var(--ast-global-color-5)","background-image":"","background-repeat":"repeat","background-position":"center center","background-size":"auto","background-attachment":"scroll","background-type":"","background-media":"","overlay-type":"","overlay-color":"","overlay-opacity":"","overlay-gradient":""},"mobile":{"background-color":"var(--ast-global-color-5)","background-image":"","background-repeat":"repeat","background-position":"center center","background-size":"auto","background-attachment":"scroll","background-type":"","background-media":"","overlay-type":"","overlay-color":"","overlay-opacity":"","overlay-gradient":""}},"footnotes":""},"class_list":["post-2553","page","type-page","status-publish","hentry"],"uagb_featured_image_src":{"full":false,"thumbnail":false,"medium":false,"medium_large":false,"large":false,"tf-client-image-size":false,"1536x1536":false,"2048x2048":false},"uagb_author_info":{"display_name":"Doralba Castiblanco","author_link":"https:\/\/doralbacastiblanco.com\/index.php\/author\/dorcaba_2yahoo-es\/"},"uagb_comment_info":0,"uagb_excerpt":"\u00a0 \u00a0 \u00bfQu\u00e9 aporta una constelaci\u00f3n familiar a mi vida?\u00a0 Las Constelaciones Familiares son una terapia que\u00a0busca dar un orden adecuado al lugar que ocupamos dentro de\u00a0 nuestro Sistema Familiar, estar en el lugar inadecuado trae dificultades a nivel personal en las diferentes \u00e1reas de la vida, se busca sanar din\u00e1micas familiares que pueden causar&hellip;","_links":{"self":[{"href":"https:\/\/doralbacastiblanco.com\/index.php\/wp-json\/wp\/v2\/pages\/2553","targetHints":{"allow":["GET"]}}],"collection":[{"href":"https:\/\/doralbacastiblanco.com\/index.php\/wp-json\/wp\/v2\/pages"}],"about":[{"href":"https:\/\/doralbacastiblanco.com\/index.php\/wp-json\/wp\/v2\/types\/page"}],"author":[{"embeddable":true,"href":"https:\/\/doralbacastiblanco.com\/index.php\/wp-json\/wp\/v2\/users\/1"}],"replies":[{"embeddable":true,"href":"https:\/\/doralbacastiblanco.com\/index.php\/wp-json\/wp\/v2\/comments?post=2553"}],"version-history":[{"count":16,"href":"https:\/\/doralbacastiblanco.com\/index.php\/wp-json\/wp\/v2\/pages\/2553\/revisions"}],"predecessor-version":[{"id":3114,"href":"https:\/\/doralbacastiblanco.com\/index.php\/wp-json\/wp\/v2\/pages\/2553\/revisions\/3114"}],"wp:attachment":[{"href":"https:\/\/doralbacastiblanco.com\/index.php\/wp-json\/wp\/v2\/media?parent=2553"}],"curies":[{"name":"wp","href":"https:\/\/api.w.org\/{rel}","templated":true}]}}