{"id":2646,"date":"2020-11-11T00:13:14","date_gmt":"2020-11-11T00:13:14","guid":{"rendered":"http:\/\/doralbacastiblanco.com\/?page_id=2646"},"modified":"2020-11-19T01:18:50","modified_gmt":"2020-11-19T01:18:50","slug":"5-herramientas-super-poderosas-para-elevar-tu-energia-vibracional","status":"publish","type":"page","link":"https:\/\/doralbacastiblanco.com\/index.php\/5-herramientas-super-poderosas-para-elevar-tu-energia-vibracional\/","title":{"rendered":"5  HERRAMIENTAS S\u00daPER PODEROSAS PARA ELEVAR TU ENERG\u00cdA VIBRACIONAL"},"content":{"rendered":"\t\t<div data-elementor-type=\"wp-page\" data-elementor-id=\"2646\" class=\"elementor elementor-2646\">\n\t\t\t\t\t\t<section class=\"elementor-section elementor-top-section elementor-element elementor-element-f15b93e elementor-section-boxed elementor-section-height-default elementor-section-height-default\" data-id=\"f15b93e\" data-element_type=\"section\" data-e-type=\"section\">\n\t\t\t\t\t\t<div class=\"elementor-container elementor-column-gap-default\">\n\t\t\t\t\t<div class=\"elementor-column elementor-col-100 elementor-top-column elementor-element elementor-element-29fb1c44\" data-id=\"29fb1c44\" data-element_type=\"column\" data-e-type=\"column\">\n\t\t\t<div class=\"elementor-widget-wrap elementor-element-populated\">\n\t\t\t\t\t\t<div class=\"elementor-element elementor-element-73c03743 elementor-widget elementor-widget-text-editor\" data-id=\"73c03743\" data-element_type=\"widget\" data-e-type=\"widget\" data-widget_type=\"text-editor.default\">\n\t\t\t\t<div class=\"elementor-widget-container\">\n\t\t\t\t\t\t\t\t\t<p><span style=\"font-weight: 400;\">Cuando acompa\u00f1o procesos de sanaci\u00f3n y armonizaci\u00f3n de energ\u00eda, hay situaciones puntuales\u00a0 que reviso para detectar las causas que pueden llevar a la desarmon\u00eda en los campos energ\u00e9ticos.\u00a0<\/span><\/p><p><span style=\"font-weight: 400;\">Es com\u00fan pensar que hay que hacer grandes esfuerzos\u00a0 para mantener elevado nuestro campo de vibraci\u00f3n; y la verdad,\u00a0 he descubierto que es m\u00e1s sencillo de lo que parece, tenemos a nuestro alcance diario herramientas para recurrir a ellas como una medicina para la energ\u00eda y retornar a la vitalidad, siempre que lo necesitemos.\u00a0<\/span><\/p><p><span style=\"font-weight: 400;\">Hay muchos elementos y t\u00e9cnicas que apoyan este proceso de buscar el equilibrio energ\u00e9tico.<\/span><\/p><p><span style=\"font-weight: 400;\">Te cuento que a\u00a0 trav\u00e9s de mi experiencia de m\u00e1s de cinco a\u00f1os, donde he trabajado con mi propia energ\u00eda y de apoyar a otros seres humanos, he rescatado cinco elementos que hoy te entrego como regalo para poner en pr\u00e1ctica y\u00a0 mantener tu energ\u00eda en vibraci\u00f3n elevada.<\/span><\/p>           \r\n            <div class=\"onp-locker-call\" style=\"display: none;\" data-lock-id=\"onpLock241084\">\r\n                <p><\/p><p><strong><img decoding=\"async\" class=\"alignnone wp-image-2751\" src=\"http:\/\/doralbacastiblanco.com\/wp-content\/uploads\/2020\/11\/Hoja.jpg\" alt=\"\" width=\"50\" height=\"51\" \/>1. NO ENTREGUES TU PODER PERSONAL A OTROS<\/strong><\/p><p><strong>\u00a1El poder est\u00e1 en ti, eres el manifestador de tu realidad!<\/strong><\/p><p><span style=\"font-weight: 400;\">Hay una verdad importante que he aprendido y es muy\u00a0 poderosa cuando te haces consciente de ella: <\/span><b>eres un ser soberano de tu energ\u00eda<\/b><span style=\"font-weight: 400;\">, tienes todo el poder, la capacidad de auto-cuidarte\u00a0 o de permitir que tu energ\u00eda sea intervenida.\u00a0<\/span><\/p><p><span style=\"font-weight: 400;\">Te invito a que imagines que tu energ\u00eda es como fuego en tu ser, este fuego para mantenerse encendido depende \u00fanicamente de que en tu interior exista el deseo o intenci\u00f3n de permanecer\u00a0 vivo; para que este fuego se avive hay cuidados especiales que debes tener para que se conserve fuerte y arm\u00f3nico. Para que este fuego pierda su fuerza, ser\u00eda necesario que entrara un viento muy fuerte o una inundaci\u00f3n\u2026esto solo ser\u00eda posible si t\u00fa lo permites. Ac\u00e1 es donde traigo lo poderoso: eres soberano de este fuego interno, eres t\u00fa quien permitir\u00e1 que algo o alguien afecte tus campos energ\u00e9ticos; para que esto ocurra, lo que generalmente pasa es que pierdes ese poder porque no crees que sea posible que lo tengas, o que pienses que alguien debe cuidarte para que nada pase.<\/span><\/p><p><span style=\"font-weight: 400;\">Si tu atenci\u00f3n est\u00e1 en avivar el fuego, en cuidarlo, en conservarlo, en elevar su frecuencia de luz\u2026 no importa si\u00a0 afuera llueve o hay un tornado, la soberan\u00eda te permite mantener tu fuego al nivel de vibraci\u00f3n que deseas.<\/span><\/p><p><span style=\"font-weight: 400;\">Ac\u00e1 es muy importante que eval\u00faes si hay alg\u00fan nivel de victimismo en tu vida, si te quejas de lo que te ocurre, si echas\u00a0 culpa a otros de los estados que transitas; el sentirte v\u00edctima de otros, de las situaciones o del mundo solo\u00a0 hace que pierdas tu poder personal y por consiguiente tu soberan\u00eda.\u00a0<\/span><\/p><p><span style=\"font-weight: 400;\"><strong>ACTIVIDAD No. 1.<\/strong>\u00a0<\/span><\/p><p><span style=\"font-weight: 400;\">Tu primer compromiso\u00a0 ser\u00e1 cambiar actitudes que te lleven a sentirte v\u00edctima de otros, o de las situaciones; es momento de tomar las riendas de tu vida, haci\u00e9ndote responsable de tus resultados y as\u00ed podr\u00e1s dar un giro a tus pensamientos, emociones y acciones para construir una realidad diferente. Toma papel y l\u00e1piz: todo es m\u00e1s visible cuando lo escribes.<\/span><\/p><p><strong><img decoding=\"async\" class=\"alignnone wp-image-2751\" src=\"http:\/\/doralbacastiblanco.com\/wp-content\/uploads\/2020\/11\/Hoja.jpg\" alt=\"\" width=\"50\" height=\"51\" \/>2. REVISA A DIARIO TUS PENSAMIENTOS<\/strong><\/p><p><strong>\u00a1Tus pensamientos, atraen la realidad que vives!<\/strong><\/p><p><span style=\"font-weight: 400;\">Alguna vez escuchaste una\u00a0 historia donde se habla de una mujer que un d\u00eda despert\u00f3 y al sentir hambre pens\u00f3: \u00a1qu\u00e9 rico ser\u00eda un delicioso desayuno en la cama!, y m\u00e1gicamente el desayuno apareci\u00f3;\u00a0 luego\u00a0 dijo, \u00a1tengo sed, me gustar\u00eda un delicioso jugo de naranja!, y como por arte de magia el jugo lleg\u00f3 a su habitaci\u00f3n. Luego de reflexionar un momento, empez\u00f3 a preocuparse, ya que cada vez que ped\u00eda algo se hac\u00eda realidad y empez\u00f3 a sentir miedo. Al habitar el miedo se le ocurri\u00f3 pensar: \u00bfser\u00e1n los fantasmas los que me est\u00e1n trayendo la comida? Y aparecieron los fantasmas y la asustaron a\u00fan m\u00e1s. Presa de su miedo se le ocurri\u00f3 sugerir: \u00bfy si son fantasmas que asustan y torturan? Y \u00bfadivina qu\u00e9?, se manifest\u00f3 su pensamiento.<\/span><\/p><p><span style=\"font-weight: 400;\">Es una historia que de una forma jocosa lleva de un extremo a otro, donde a trav\u00e9s del pensamiento se logra manifestar eventos.\u00a0<\/span><\/p><p><span style=\"font-weight: 400;\">Quiero compartir contigo que el pensamiento es un gran manifestador, por ello es necesario que est\u00e9s atento de lo que piensas, ya que estar\u00e1s atrayendo experiencias similares\u00a0 a las de tus pensamientos.<\/span><\/p><p><span style=\"font-weight: 400;\">Una t\u00e9cnica sencilla que te puede servir en esos momentos donde observas que hay pensamientos que te est\u00e1n llevando a vivir en preocupaci\u00f3n, en miedo, a desconectarte de tu estado deseado, es cambiar el enfoque del pensamiento, es decir , cambia el pensamiento por uno de caracter\u00edstica elevada, piensa en el mejor panorama posible.\u00a0<\/span><\/p><p><span style=\"font-weight: 400;\">Para realizar un cambio de\u00a0 h\u00e1bitos en tu\u00a0 pensamiento es necesario entrenar la\u00a0 mente, recuerda que eres t\u00fa quien\u00a0 est\u00e1 al mando, <\/span><b>tu mente se dirige hacia donde t\u00fa le des empuje y fuerza<\/b><span style=\"font-weight: 400;\">.<\/span><\/p><p><strong>ACTIVIDAD No. 2\u00a0\u00a0<\/strong><\/p><p><span style=\"font-weight: 400;\">Hay un hermoso ejercicio que es valioso en este proceso de cambiar la din\u00e1mica de los pensamientos: vas a darle instrucciones a tu mente que busque milagros todo el tiempo. Cuando hablo de milagros, me refiero a eventos que para ti sean maravillosos. Te voy a dar algunos ejemplos para que vayas explorando desde tu creatividad: una pluma que encuentras, un regalo que recibes sin que lo esperes, un saludo de alguien especial, un mensaje de WhatsApp de alguien que hace mucho no te contactaba, una hermosa ma\u00f1ana soleada, que te atiendan en forma muy especial en un lugar etc. Hay infinidad de milagros que a diario ocurren en tu vida, solo debes estar atento a detallarlos y cuando lo hagas, agradece este milagro ocurrido en tu vida.<\/span><\/p><p><strong><img decoding=\"async\" class=\"alignnone wp-image-2751\" src=\"http:\/\/doralbacastiblanco.com\/wp-content\/uploads\/2020\/11\/Hoja.jpg\" alt=\"\" width=\"50\" height=\"51\" \/>3. ESCUCHA TUS EMOCIONES Y ALIMENTA AQUELLAS DE ALTA VIBRACI\u00d3N<\/strong><\/p><p><strong>\u00a1El pensamiento crea, la emoci\u00f3n atrae y manifiesta tu realidad!<\/strong><\/p><p><b>La emoci\u00f3n es la gran manifestadora de tu realidad<\/b><span style=\"font-weight: 400;\">, esto te lo deseo compartir desde una verdad personal que proviene de la cu\u00e1ntica: hay un espacio invisible donde es gestada toda creaci\u00f3n f\u00edsica, donde a trav\u00e9s del ser que eres, de la luz viviente y poderosa que hay en ti, de tu esencia divina, est\u00e1s conectado y env\u00edas todo el tiempo informaci\u00f3n: con tus pensamientos, con tus creencias, con tu emoci\u00f3n e intenciones. Este campo invisible de manifestaci\u00f3n est\u00e1 en conexi\u00f3n permanente contigo y desde ah\u00ed es donde construyes todo el tiempo lo que vives y lo que experimentas materialmente.\u00a0<\/span><\/p><p><span style=\"font-weight: 400;\">Lo que vives en este momento es el resultado de la informaci\u00f3n que has enviado hasta ahora a ese campo cu\u00e1ntico, pero hay algo maravilloso y es que si no te gusta lo que hoy observas \u00a1es posible cambiarlo!, transformando tus creencias limitantes, enviando pensamientos poderosos a ese campo invisible y por consiguiente que tus emociones sean elevadas para lograr la manifestaci\u00f3n de tus sue\u00f1os, ya que la emoci\u00f3n es como el agua que alimenta la semilla que son los pensamientos y para que prosperen tus proyectos y tus sue\u00f1os es necesario que los riegues con emociones elevadas.<\/span><\/p><p><span style=\"font-weight: 400;\"><strong>ACTIVIDAD No. 3\u00a0<\/strong>\u00a0<\/span><\/p><p><span style=\"font-weight: 400;\">Cada ma\u00f1ana, antes de levantarte, vas a elegir tener una emoci\u00f3n o estado emocional elevado: alegr\u00eda, gratitud, paz, tranquilidad, liviandad, felicidad, amor, esperanza; las emociones resultan como respuesta a un evento, por ello imagina algo que te conecte con esa emoci\u00f3n<\/span><span style=\"font-weight: 400;\">: escucha una canci\u00f3n que te lleve a la emoci\u00f3n que deseas sentir, sonr\u00ede, entr\u00e9gate un gran abrazo a ti mismo;<\/span> <span style=\"font-weight: 400;\">vive y disfruta ese instante de conexi\u00f3n con tu esencia.\u00a0<\/span><\/p><p><strong><img decoding=\"async\" class=\"alignnone wp-image-2751\" src=\"http:\/\/doralbacastiblanco.com\/wp-content\/uploads\/2020\/11\/Hoja.jpg\" alt=\"\" width=\"50\" height=\"51\" \/>4. CUIDA Y ESCUCHA TU CUERPO<\/strong><\/p><p><strong>\u00a1El cuerpo habla, lo que la voz calla!<\/strong><\/p><p><span style=\"font-weight: 400;\">Cuando los campos energ\u00e9ticos est\u00e1n en desarmon\u00eda es com\u00fan que se pierda la calidad del sue\u00f1o, que haya presencia de malestar f\u00edsico e incluso que se experimente dificultades de salud.<\/span><\/p><p><span style=\"font-weight: 400;\">Hay algunas recomendaciones que son importantes tener presentes para reestablecer la vitalidad y apoyar los procesos internos con acciones que est\u00e1n a\u00a0 tu alcance:<\/span><\/p><ul><li style=\"font-weight: 400;\"><span style=\"font-weight: 400;\">Toma agua intencionada: toma el vaso de agua entre tus manos y agradece al elemento su presencia, bend\u00edcela y b\u00e9bela\u00a0 con\u00a0 la mejor actitud de amor, imaginando que le entregas un beneficio a tu cuerpo.<\/span><\/li><li style=\"font-weight: 400;\"><span style=\"font-weight: 400;\">Recibe luz solar, durante diez a quince minutos, cuando observes que tu energ\u00eda vital est\u00e1 baja, descubre parte de tu cuerpo y permite que haya contacto directo del sol.<\/span><\/li><li style=\"font-weight: 400;\"><span style=\"font-weight: 400;\">Camina descalzo sobre la hierba, e\u00a0 imagina que entregas a la madre tierra cualquier energ\u00eda que no te favorezca.<\/span><\/li><li style=\"font-weight: 400;\"><span style=\"font-weight: 400;\">Practica alguna actividad f\u00edsica que disfrutes.<\/span><\/li><li style=\"font-weight: 400;\"><span style=\"font-weight: 400;\">Busca\u00a0 apoyo profesional m\u00e9dico, terap\u00e9utico o energ\u00e9tico, si atraviesas alguna situaci\u00f3n que no puedes gestionar por ti mismo.<\/span><\/li><\/ul><p><span style=\"font-weight: 400;\"><strong>ACTIVIDAD No. 4\u00a0<\/strong>\u00a0<\/span><\/p><p><span style=\"font-weight: 400;\">Cada vez que observes que hay molestias corporales, alg\u00fan dolor f\u00edsico e incomodidad corporal es importante que lo atiendas. En aquellos momentos de cansancio corporal, te sugiero el siguiente\u00a0 ejercicio de activaci\u00f3n energ\u00e9tica y de movimiento corporal que en situaciones de cansancio, reconecta y activa tu energ\u00eda corporal. Vas a ponerte de pie y a ubicar tus manos como coquitas (en posici\u00f3n c\u00f3ncava) y vas a dar peque\u00f1os golpes\u00a0 a los m\u00fasculos de tu cuerpo,\u00a0 con cari\u00f1o, con suavidad y firmeza, sin que te genere dolor. Recorre cada parte de tu cuerpo, espalda, piernas, brazos torso, abdomen etc. Luego mueve tus brazos y pies con intenci\u00f3n\u00a0 de \u201csoltar\u201d de liberar tensi\u00f3n y luego vuelve a tus actividades normales.\u00a0<\/span><\/p><p><strong><img decoding=\"async\" class=\"alignnone wp-image-2751\" src=\"http:\/\/doralbacastiblanco.com\/wp-content\/uploads\/2020\/11\/Hoja.jpg\" alt=\"\" width=\"50\" height=\"51\" \/>5. LIBERA LOS RESENTIMIENTOS, LA CULPA , EL MIEDO Y EL JUICIO<\/strong><\/p><p><strong>\u00a1No hay v\u00edctimas, ni victimarios, cada quien act\u00faa desde su consciencia interior!<\/strong><\/p><p><span style=\"font-weight: 400;\">Para que tu resonancia interna te permita ir a las experiencias maravillosas que deseas para tu vida es necesario depurar desde tu interior aquellos estados emocionales y actitudes que consciente o inconscientemente te alejan de vibrar alto; esto ocurre porque la vibraci\u00f3n de estos estados internos no est\u00e1n coherentes con los prop\u00f3sitos de amor que deseas atraer.<\/span><\/p><p><span style=\"font-weight: 400;\">El resentimiento es un estado emocional que te lleva a situaciones del pasado que no se han resuelto y superado; se mantienen presentes, eventos que pudieron ser dolorosos, donde se observ\u00f3 que hubo una afectaci\u00f3n personal, pasados meses e incluso a\u00f1os de\u00a0 lo ocurrido.\u00a0<\/span><\/p><p><span style=\"font-weight: 400;\">La culpa se habita de dos formas distintas, cualquiera de las dos genera en el individuo un estancamiento energ\u00e9tico:<\/span><\/p><ul><li style=\"font-weight: 400;\"><span style=\"font-weight: 400;\">Puedes experimentar culpa hacia ti mismo, por situaciones que consideras que hiciste mal, que permitiste, o cuando crees que has lastimado a otros.\u00a0<\/span><\/li><li style=\"font-weight: 400;\"><span style=\"font-weight: 400;\">Otra forma de sentirla es cuando culpas\u00a0 a otros, por eventos que generaron\u00a0 malos momentos, ocasionaron sufrimiento o dolor, todo aquello que se vio como afectaci\u00f3n personal.<\/span><\/li><\/ul><p><span style=\"font-weight: 400;\">Por otro lado, el miedo tambi\u00e9n se vive de dos formas:\u00a0<\/span><\/p><ul><li style=\"font-weight: 400;\"><span style=\"font-weight: 400;\">El miedo que surge como protecci\u00f3n es la respuesta a un evento de peligro y aqu\u00ed es funcional porque aparece como instinto de protecci\u00f3n, te invitar\u00e1 a defenderte, a\u00a0 correr.\u00a0<\/span><\/li><li style=\"font-weight: 400;\"><span style=\"font-weight: 400;\">La segunda forma, que es la que te invito a observar si est\u00e1 presente en ti,\u00a0 aparece como un impedimento para tomar decisiones, para realizar cambios positivos, poner l\u00edmites, etc, este miedo inmoviliza y se convierte en un bloqueo al concretar acciones hacia el cambio.<\/span><\/li><\/ul><p><span style=\"font-weight: 400;\">Finalmente el realizar juicios negativos constantes, hacia otros, hacia el entorno, las experiencias y hacia tu ser. Ac\u00e1 es importante detallar este h\u00e1bito y observarlo cada vez que se realiza.<\/span><\/p><p><span style=\"font-weight: 400;\">Desde mi experiencia, en consultas personales, te comparto que estas cuatro distinciones, generan grandes bloqueos ante los cambios y deseos de transformaci\u00f3n personal.<\/span><\/p><p><span style=\"font-weight: 400;\">Si te haces consciente de que est\u00e1 presente en ti alguno o algunos de ellos, te va a dar la posibilidad de tomar acciones concretas hacia tu transformaci\u00f3n interna; observa los estados de \u00e1nimo, escucha lo que te dices al habitarlos, \u00a0 los pensamientos que alimentan estos estados emocionales:<\/span><\/p><p><span style=\"font-weight: 400;\">\u00bfTe sirven estos pensamientos para construir el ser que deseas en ti?\u00a0<\/span><\/p><p><span style=\"font-weight: 400;\">\u00bfC\u00f3mo sientes tu cuerpo?\u00a0<\/span><\/p><p><span style=\"font-weight: 400;\">\u00bfAparecen molestias f\u00edsicas?\u00a0<\/span><\/p><p><span style=\"font-weight: 400;\">Por \u00faltimo,\u00a0 te invito a preguntarte: \u00bfc\u00f3mo deseas observarte?, \u00bfqu\u00e9 acciones concretas, que dependan de ti, te llevar\u00e1n a\u00a0 ese estado que deseas?<\/span><\/p><p><strong>ACTIVIDAD No. 5\u00a0\u00a0<\/strong><\/p><p><span style=\"font-weight: 400;\">Te voy a sugerir dos actividades, para fortalecer tu nivel de consciencia en este camino de elevar tu vibraci\u00f3n energ\u00e9tica:\u00a0<\/span><\/p><ul><li style=\"font-weight: 400;\"><span style=\"font-weight: 400;\">Vas a realizar una lista donde habr\u00e1 cuatro encabezados: resentimiento, culpa (hacia otros y hacia s\u00ed mismo), miedo y juicio. Con liviandad, en aceptaci\u00f3n y compasi\u00f3n hacia tu ser , vas a realizar este listado de momentos, situaciones o personas que lleguen a tu mente al conectar con cada palabra, vas a traer al presente no los eventos, porque ac\u00e1 no es importante recrear el pasado, solo las personas o situaciones con una consigna (palabra clave) que t\u00fa comprendas. Luego ten presente esa lista, es un trabajo interior que poco a poco puedes ir depurando, a la velocidad que desees, cuando lo decidas, recuerda que al liberar y trabajar cada una de estas experiencias es como si fueras \u201csoltando una maleta\u201d que llevas en tu espalda. La decisi\u00f3n\u00a0 de descargar ese peso ser\u00e1 siempre tuya, por ahora esta lista te permitir\u00e1 observar en detalle su contenido.\u00a0<\/span><\/li><li style=\"font-weight: 400;\"><span style=\"font-weight: 400;\">Dedica tiempo, \u00a0 por lo menos cinco minutos cada d\u00eda,\u00a0 en una actividad que te lleve al disfrute espiritual, a conectarte con tu ser interno en forma amorosa. Te doy algunas ideas: una oraci\u00f3n al despertar, agradecer todo lo hermoso que pasa en tu vida, escuchar m\u00fasica y regocijarte en ella, bailar, sonre\u00edr, pintar un mandala, leer por unos minutos un libro de crecimiento personal, meditar, contemplar la naturaleza y deleitarse en ella etc.<\/span><\/li><\/ul><p><span style=\"font-weight: 400;\">Un abrazo inmenso para ti, en este camino de elevar tu frecuencia vibratoria y conectarte con tu verdadera esencia de luz y amor.<\/span><\/p><p><span style=\"font-weight: 400;\">Recuerda que si lo necesitas podemos conversar por el medio que desees:<\/span><\/p><p><a href=\"https:\/\/doralbacastiblanco.com\/index.php\/escribeme\/\"><strong>Escr\u00edbeme<\/strong><\/a><\/p><p><a href=\"https:\/\/www.instagram.com\/doralbacastiblancocoach\/\"><strong>Visita mi Instagram<\/strong><\/a><\/p><p><img decoding=\"async\" class=\"size-medium wp-image-2726 aligncenter\" src=\"http:\/\/doralbacastiblanco.com\/wp-content\/uploads\/2020\/11\/Hoja-Doralba-300x99.png\" alt=\"\" width=\"300\" height=\"99\" srcset=\"https:\/\/doralbacastiblanco.com\/wp-content\/uploads\/2020\/11\/Hoja-Doralba-300x99.png 300w, https:\/\/doralbacastiblanco.com\/wp-content\/uploads\/2020\/11\/Hoja-Doralba.png 418w\" sizes=\"(max-width: 300px) 100vw, 300px\" \/><\/p><p><\/p>\r\n            <\/div>\r\n         \r\n\r\n        \t\t\t\t\t\t\t\t<\/div>\n\t\t\t\t<\/div>\n\t\t\t\t\t<\/div>\n\t\t<\/div>\n\t\t\t\t\t<\/div>\n\t\t<\/section>\n\t\t\t\t<\/div>\n\t\t","protected":false},"excerpt":{"rendered":"<p>Cuando acompa\u00f1o procesos de sanaci\u00f3n y armonizaci\u00f3n de energ\u00eda, hay situaciones puntuales\u00a0 que reviso para detectar las causas que pueden llevar a la desarmon\u00eda en los campos energ\u00e9ticos.\u00a0 Es com\u00fan pensar que hay que hacer grandes esfuerzos\u00a0 para mantener elevado nuestro campo de vibraci\u00f3n; y la verdad,\u00a0 he descubierto que es m\u00e1s sencillo de lo [&hellip;]<\/p>\n","protected":false},"author":1,"featured_media":0,"parent":0,"menu_order":0,"comment_status":"closed","ping_status":"open","template":"","meta":{"_uag_custom_page_level_css":"","site-sidebar-layout":"default","site-content-layout":"default","ast-site-content-layout":"default","site-content-style":"default","site-sidebar-style":"default","ast-global-header-display":"","ast-banner-title-visibility":"","ast-main-header-display":"","ast-hfb-above-header-display":"","ast-hfb-below-header-display":"","ast-hfb-mobile-header-display":"","site-post-title":"","ast-breadcrumbs-content":"","ast-featured-img":"","footer-sml-layout":"","ast-disable-related-posts":"","theme-transparent-header-meta":"default","adv-header-id-meta":"","stick-header-meta":"","header-above-stick-meta":"","header-main-stick-meta":"","header-below-stick-meta":"","astra-migrate-meta-layouts":"default","ast-page-background-enabled":"default","ast-page-background-meta":{"desktop":{"background-color":"","background-image":"","background-repeat":"repeat","background-position":"center center","background-size":"auto","background-attachment":"scroll","background-type":"","background-media":"","overlay-type":"","overlay-color":"","overlay-opacity":"","overlay-gradient":""},"tablet":{"background-color":"","background-image":"","background-repeat":"repeat","background-position":"center center","background-size":"auto","background-attachment":"scroll","background-type":"","background-media":"","overlay-type":"","overlay-color":"","overlay-opacity":"","overlay-gradient":""},"mobile":{"background-color":"","background-image":"","background-repeat":"repeat","background-position":"center center","background-size":"auto","background-attachment":"scroll","background-type":"","background-media":"","overlay-type":"","overlay-color":"","overlay-opacity":"","overlay-gradient":""}},"ast-content-background-meta":{"desktop":{"background-color":"var(--ast-global-color-5)","background-image":"","background-repeat":"repeat","background-position":"center center","background-size":"auto","background-attachment":"scroll","background-type":"","background-media":"","overlay-type":"","overlay-color":"","overlay-opacity":"","overlay-gradient":""},"tablet":{"background-color":"var(--ast-global-color-5)","background-image":"","background-repeat":"repeat","background-position":"center center","background-size":"auto","background-attachment":"scroll","background-type":"","background-media":"","overlay-type":"","overlay-color":"","overlay-opacity":"","overlay-gradient":""},"mobile":{"background-color":"var(--ast-global-color-5)","background-image":"","background-repeat":"repeat","background-position":"center center","background-size":"auto","background-attachment":"scroll","background-type":"","background-media":"","overlay-type":"","overlay-color":"","overlay-opacity":"","overlay-gradient":""}},"footnotes":""},"class_list":["post-2646","page","type-page","status-publish","hentry"],"uagb_featured_image_src":{"full":false,"thumbnail":false,"medium":false,"medium_large":false,"large":false,"tf-client-image-size":false,"1536x1536":false,"2048x2048":false},"uagb_author_info":{"display_name":"Doralba Castiblanco","author_link":"https:\/\/doralbacastiblanco.com\/index.php\/author\/dorcaba_2yahoo-es\/"},"uagb_comment_info":0,"uagb_excerpt":"Cuando acompa\u00f1o procesos de sanaci\u00f3n y armonizaci\u00f3n de energ\u00eda, hay situaciones puntuales\u00a0 que reviso para detectar las causas que pueden llevar a la desarmon\u00eda en los campos energ\u00e9ticos.\u00a0 Es com\u00fan pensar que hay que hacer grandes esfuerzos\u00a0 para mantener elevado nuestro campo de vibraci\u00f3n; y la verdad,\u00a0 he descubierto que es m\u00e1s sencillo de lo&hellip;","_links":{"self":[{"href":"https:\/\/doralbacastiblanco.com\/index.php\/wp-json\/wp\/v2\/pages\/2646","targetHints":{"allow":["GET"]}}],"collection":[{"href":"https:\/\/doralbacastiblanco.com\/index.php\/wp-json\/wp\/v2\/pages"}],"about":[{"href":"https:\/\/doralbacastiblanco.com\/index.php\/wp-json\/wp\/v2\/types\/page"}],"author":[{"embeddable":true,"href":"https:\/\/doralbacastiblanco.com\/index.php\/wp-json\/wp\/v2\/users\/1"}],"replies":[{"embeddable":true,"href":"https:\/\/doralbacastiblanco.com\/index.php\/wp-json\/wp\/v2\/comments?post=2646"}],"version-history":[{"count":21,"href":"https:\/\/doralbacastiblanco.com\/index.php\/wp-json\/wp\/v2\/pages\/2646\/revisions"}],"predecessor-version":[{"id":2795,"href":"https:\/\/doralbacastiblanco.com\/index.php\/wp-json\/wp\/v2\/pages\/2646\/revisions\/2795"}],"wp:attachment":[{"href":"https:\/\/doralbacastiblanco.com\/index.php\/wp-json\/wp\/v2\/media?parent=2646"}],"curies":[{"name":"wp","href":"https:\/\/api.w.org\/{rel}","templated":true}]}}