{"id":3,"date":"2020-10-22T20:35:03","date_gmt":"2020-10-22T20:35:03","guid":{"rendered":"http:\/\/doralbacastiblanco.com\/?page_id=3"},"modified":"2025-02-03T19:34:12","modified_gmt":"2025-02-03T19:34:12","slug":"quien-soy","status":"publish","type":"page","link":"https:\/\/doralbacastiblanco.com\/index.php\/quien-soy\/","title":{"rendered":"\u00bfQUI\u00c9N SOY?"},"content":{"rendered":"\t\t<div data-elementor-type=\"wp-page\" data-elementor-id=\"3\" class=\"elementor elementor-3\">\n\t\t\t\t\t\t<section class=\"elementor-section elementor-top-section elementor-element elementor-element-b69e331 elementor-section-boxed elementor-section-height-default elementor-section-height-default\" data-id=\"b69e331\" data-element_type=\"section\" data-e-type=\"section\">\n\t\t\t\t\t\t<div class=\"elementor-container elementor-column-gap-default\">\n\t\t\t\t\t<div class=\"elementor-column elementor-col-66 elementor-top-column elementor-element elementor-element-38db409\" data-id=\"38db409\" data-element_type=\"column\" data-e-type=\"column\">\n\t\t\t<div class=\"elementor-widget-wrap elementor-element-populated\">\n\t\t\t\t\t\t<div class=\"elementor-element elementor-element-ab9354a elementor-widget elementor-widget-image\" data-id=\"ab9354a\" data-element_type=\"widget\" data-e-type=\"widget\" data-widget_type=\"image.default\">\n\t\t\t\t<div class=\"elementor-widget-container\">\n\t\t\t\t\t\t\t\t\t\t\t\t<figure class=\"wp-caption\">\n\t\t\t\t\t\t\t\t\t\t<img fetchpriority=\"high\" decoding=\"async\" width=\"768\" height=\"1024\" src=\"https:\/\/doralbacastiblanco.com\/wp-content\/uploads\/2020\/11\/Doralba-1-768x1024.png\" class=\"attachment-medium_large size-medium_large wp-image-2195\" alt=\"\" srcset=\"https:\/\/doralbacastiblanco.com\/wp-content\/uploads\/2020\/11\/Doralba-1-768x1024.png 768w, https:\/\/doralbacastiblanco.com\/wp-content\/uploads\/2020\/11\/Doralba-1-225x300.png 225w, https:\/\/doralbacastiblanco.com\/wp-content\/uploads\/2020\/11\/Doralba-1-e1604597442832.png 600w\" sizes=\"(max-width: 768px) 100vw, 768px\" \/>\t\t\t\t\t\t\t\t\t\t\t<figcaption class=\"widget-image-caption wp-caption-text\"><\/figcaption>\n\t\t\t\t\t\t\t\t\t\t<\/figure>\n\t\t\t\t\t\t\t\t\t<\/div>\n\t\t\t\t<\/div>\n\t\t\t\t\t<\/div>\n\t\t<\/div>\n\t\t\t\t<div class=\"elementor-column elementor-col-33 elementor-top-column elementor-element elementor-element-c125b38\" data-id=\"c125b38\" data-element_type=\"column\" data-e-type=\"column\">\n\t\t\t<div class=\"elementor-widget-wrap elementor-element-populated\">\n\t\t\t\t\t\t<div class=\"elementor-element elementor-element-dcf7444 elementor-widget elementor-widget-text-editor\" data-id=\"dcf7444\" data-element_type=\"widget\" data-e-type=\"widget\" data-widget_type=\"text-editor.default\">\n\t\t\t\t<div class=\"elementor-widget-container\">\n\t\t\t\t\t\t\t\t\t<p><span style=\"font-weight: 400;\"><br><\/span><\/p><p><span style=\"font-weight: 400;\"><br><\/span><\/p><p><span style=\"font-weight: 400;\">\u00a1Hola! Me encanta que hayas llegado a mi p\u00e1gina, un lugar de luz y aprendizaje, que te ofrezco con inmenso amor.&nbsp;<\/span><\/p>\n<p><span style=\"font-weight: 400;\">Te cuento un poco sobre m\u00ed.&nbsp;<\/span><\/p>\n<p><span style=\"font-weight: 400;\">Soy Doralba Castiblanco, coach de vida y emprendedora. Mi trabajo est\u00e1 orientado bajo el modelo ontol\u00f3gico y la energ\u00eda de sanaci\u00f3n cu\u00e1ntica (personal y de espacios).<\/span><\/p>\t\t\t\t\t\t\t\t<\/div>\n\t\t\t\t<\/div>\n\t\t\t\t\t<\/div>\n\t\t<\/div>\n\t\t\t\t\t<\/div>\n\t\t<\/section>\n\t\t\t\t<section class=\"elementor-section elementor-top-section elementor-element elementor-element-c19eda2 elementor-section-boxed elementor-section-height-default elementor-section-height-default\" data-id=\"c19eda2\" data-element_type=\"section\" data-e-type=\"section\">\n\t\t\t\t\t\t<div class=\"elementor-container elementor-column-gap-default\">\n\t\t\t\t\t<div class=\"elementor-column elementor-col-100 elementor-top-column elementor-element elementor-element-7ef3c82\" data-id=\"7ef3c82\" data-element_type=\"column\" data-e-type=\"column\">\n\t\t\t<div class=\"elementor-widget-wrap elementor-element-populated\">\n\t\t\t\t\t\t<div class=\"elementor-element elementor-element-6140fdb elementor-widget elementor-widget-text-editor\" data-id=\"6140fdb\" data-element_type=\"widget\" data-e-type=\"widget\" data-widget_type=\"text-editor.default\">\n\t\t\t\t<div class=\"elementor-widget-container\">\n\t\t\t\t\t\t\t\t\t<p><span style=\"font-weight: 400;\">Soy orgullosamente colombiana, pa\u00eds extraordinario, lleno de multiculturalidad, de colores, sabores,\u00a0 hermosos paisajes, lindas mariposas, diversidad de animales y deliciosos platos t\u00edpicos.\u00a0 Nac\u00ed en una familia tradicional y numerosa, donde aprend\u00ed el valor de la solidaridad, del respeto y del servicio al otro.<\/span><\/p><p><span style=\"font-weight: 400;\">Soy mujer, madre, esposa, amiga, hermana, hija y como t\u00fa he alcanzado grandes logros y metas que\u00a0 he disfrutado con total plenitud ; tambi\u00e9n he atravesado\u00a0 momentos de mucha dificultad, momentos que me han revelado\u00a0 oportunidades estupendas cargadas de brillo.\u00a0 Me defino como un ser lleno de luz, conectada desde el amor, hacia la luz que eres t\u00fa; somos parte de la totalidad, del gran amor que reconozco como Dios y por ello eres parte de lo que SOY.<\/span><\/p><p><span style=\"font-weight: 400;\">Desde muy peque\u00f1a descubr\u00ed mi habilidad para percibir la energ\u00eda como vibraci\u00f3n, adem\u00e1s de reconocer presencias de planos invisibles que despert\u00f3 mi curiosidad. Como adulta\u00a0 y luego de un proceso importante de transformaci\u00f3n en mi ser, me acerqu\u00e9 a la cu\u00e1ntica, a explorar y fortalecer mi espiritualidad, all\u00ed\u00a0 descubr\u00ed\u00a0 que desde mis dones internos puedo conectar el cielo con la tierra y con\u00a0 base a mis experiencias personales seguir construyendo\u00a0 mi verdad.\u00a0<\/span><\/p><p><span style=\"font-weight: 400;\">Uno de mis dones revelados en esta exploraci\u00f3n, es que soy una voz aqu\u00ed en la tierra que comunica mensajes del cielo: acompa\u00f1o en la entrega de\u00a0 mensajes, pendientes por decir, recordando que desde la conexi\u00f3n de luz y amor que somos,\u00a0 no existe una\u00a0 separaci\u00f3n.<\/span><\/p><p><span style=\"font-weight: 400;\">Mi misi\u00f3n es ayudarte a re-conocer la luz que hay en ti, a descubrir tu capacidad de construir la vida que sue\u00f1as y las experiencias elevadas que mereces, limpiando las capas superficiales que han dejado ocultos\u00a0 tus dones, cualidades, habilidades y talentos internos y externos que te hacen un ser \u00fanico\u00a0 y especial; lo podemos lograr gracias a ese don maravilloso que hoy valoro en m\u00ed.\u00a0<\/span><\/p>\t\t\t\t\t\t\t\t<\/div>\n\t\t\t\t<\/div>\n\t\t\t\t\t<\/div>\n\t\t<\/div>\n\t\t\t\t\t<\/div>\n\t\t<\/section>\n\t\t\t\t<section class=\"elementor-section elementor-top-section elementor-element elementor-element-20e64ed elementor-section-boxed elementor-section-height-default elementor-section-height-default\" data-id=\"20e64ed\" data-element_type=\"section\" data-e-type=\"section\">\n\t\t\t\t\t\t<div class=\"elementor-container elementor-column-gap-default\">\n\t\t\t\t\t<div class=\"elementor-column elementor-col-100 elementor-top-column elementor-element elementor-element-ca51be7\" data-id=\"ca51be7\" data-element_type=\"column\" data-e-type=\"column\" data-settings=\"{&quot;background_background&quot;:&quot;classic&quot;}\">\n\t\t\t<div class=\"elementor-widget-wrap elementor-element-populated\">\n\t\t\t\t\t\t<div class=\"elementor-element elementor-element-989eb4e elementor-widget elementor-widget-text-editor\" data-id=\"989eb4e\" data-element_type=\"widget\" data-e-type=\"widget\" data-widget_type=\"text-editor.default\">\n\t\t\t\t<div class=\"elementor-widget-container\">\n\t\t\t\t\t\t\t\t\t<p dir=\"ltr\" style=\"line-height: 1.295; text-align: justify; margin-top: 0pt; margin-bottom: 8pt;\"><span style=\"font-size: 15pt; font-family: Arsenal; color: #ffffff; background-color: transparent; font-weight: 400; font-style: normal; font-variant: normal; text-decoration: none; vertical-align: baseline; white-space: pre-wrap;\">Te comparto mis certificaciones acad\u00e9micas:<\/span><\/p>\n<ul>\n<li><span style=\"font-style: normal; font-weight: 400; text-align: justify; background-color: transparent; color: #ffffff; font-variant-numeric: normal; font-variant-east-asian: normal; font-size: 15pt; font-family: Arsenal; white-space: pre-wrap;\">Coaching Ontol\u00f3gico Profesional- Formada por IAFI y certificada por ICF &#8211; International Coach Federation. <\/span><\/li><li style=\"text-align: justify; \"><font face=\"Arsenal\"><span style=\"font-size: 20px; white-space-collapse: preserve;\">Facilitadora Coaching Play<\/span><\/font><\/li>\n<li style=\"text-align: justify;\"><span style=\"font-family: Arsenal;\"><span style=\"font-size: 20px; white-space-collapse: preserve;\">Facilitadora en Constelaciones Familiares y empresariales.<\/span><\/span><\/li>\n<li><span style=\"background-color: transparent; color: #ffffff; font-family: Arsenal; font-size: 15pt; font-style: normal; font-weight: 400; white-space: pre-wrap; text-align: justify;\">Sanaci\u00f3n Cu\u00e1ntica.<\/span><\/li>\n<li><span style=\"background-color: transparent; font-size: 15pt; font-style: normal; font-weight: 400; color: #ffffff; font-family: Arsenal; white-space: pre;\">Formaci\u00f3n acad\u00e9mica y profesional como Contadora P\u00fablica.<\/span><\/li>\n<\/ul>\t\t\t\t\t\t\t\t<\/div>\n\t\t\t\t<\/div>\n\t\t\t\t\t<\/div>\n\t\t<\/div>\n\t\t\t\t\t<\/div>\n\t\t<\/section>\n\t\t\t\t<section class=\"elementor-section elementor-top-section elementor-element elementor-element-42b8030 elementor-section-boxed elementor-section-height-default elementor-section-height-default\" data-id=\"42b8030\" data-element_type=\"section\" data-e-type=\"section\">\n\t\t\t\t\t\t<div class=\"elementor-container elementor-column-gap-default\">\n\t\t\t\t\t<div class=\"elementor-column elementor-col-100 elementor-top-column elementor-element elementor-element-36fa7de\" data-id=\"36fa7de\" data-element_type=\"column\" data-e-type=\"column\">\n\t\t\t<div class=\"elementor-widget-wrap elementor-element-populated\">\n\t\t\t\t\t\t<div class=\"elementor-element elementor-element-749cfe0 elementor-widget elementor-widget-text-editor\" data-id=\"749cfe0\" data-element_type=\"widget\" data-e-type=\"widget\" data-widget_type=\"text-editor.default\">\n\t\t\t\t<div class=\"elementor-widget-container\">\n\t\t\t\t\t\t\t\t\t<p><span style=\"font-weight: 400;\">Disfruto y amo profundamente lo que hago y hoy quiero compartir mis conocimientos contigo para acompa\u00f1arte en procesos desde el coaching, la espiritualidad y la cu\u00e1ntica, compartir contigo el ser que SOY, con amor, aceptaci\u00f3n y gratitud. <\/span><\/p>\t\t\t\t\t\t\t\t<\/div>\n\t\t\t\t<\/div>\n\t\t\t\t\t<\/div>\n\t\t<\/div>\n\t\t\t\t\t<\/div>\n\t\t<\/section>\n\t\t\t\t<section class=\"elementor-section elementor-top-section elementor-element elementor-element-2df01ac elementor-section-boxed elementor-section-height-default elementor-section-height-default\" data-id=\"2df01ac\" data-element_type=\"section\" data-e-type=\"section\">\n\t\t\t\t\t\t<div class=\"elementor-container elementor-column-gap-default\">\n\t\t\t\t\t<div class=\"elementor-column elementor-col-50 elementor-top-column elementor-element elementor-element-83e3a16\" data-id=\"83e3a16\" data-element_type=\"column\" data-e-type=\"column\">\n\t\t\t<div class=\"elementor-widget-wrap elementor-element-populated\">\n\t\t\t\t\t\t<div class=\"elementor-element elementor-element-ce325a9 elementor-widget elementor-widget-image\" data-id=\"ce325a9\" data-element_type=\"widget\" data-e-type=\"widget\" data-widget_type=\"image.default\">\n\t\t\t\t<div class=\"elementor-widget-container\">\n\t\t\t\t\t\t\t\t\t\t\t\t\t\t\t<img decoding=\"async\" width=\"1024\" height=\"825\" src=\"https:\/\/doralbacastiblanco.com\/wp-content\/uploads\/2020\/11\/Doralba-2-e1604597323101-1024x825.png\" class=\"attachment-large size-large wp-image-2219\" alt=\"\" srcset=\"https:\/\/doralbacastiblanco.com\/wp-content\/uploads\/2020\/11\/Doralba-2-e1604597323101-1024x825.png 1024w, https:\/\/doralbacastiblanco.com\/wp-content\/uploads\/2020\/11\/Doralba-2-e1604597323101-300x242.png 300w, https:\/\/doralbacastiblanco.com\/wp-content\/uploads\/2020\/11\/Doralba-2-e1604597323101-768x618.png 768w, https:\/\/doralbacastiblanco.com\/wp-content\/uploads\/2020\/11\/Doralba-2-e1604597323101.png 1530w\" sizes=\"(max-width: 1024px) 100vw, 1024px\" \/>\t\t\t\t\t\t\t\t\t\t\t\t\t\t\t<\/div>\n\t\t\t\t<\/div>\n\t\t\t\t\t<\/div>\n\t\t<\/div>\n\t\t\t\t<div class=\"elementor-column elementor-col-50 elementor-top-column elementor-element elementor-element-01b1255\" data-id=\"01b1255\" data-element_type=\"column\" data-e-type=\"column\">\n\t\t\t<div class=\"elementor-widget-wrap elementor-element-populated\">\n\t\t\t\t\t\t<div class=\"elementor-element elementor-element-e14a885 elementor-widget elementor-widget-text-editor\" data-id=\"e14a885\" data-element_type=\"widget\" data-e-type=\"widget\" data-widget_type=\"text-editor.default\">\n\t\t\t\t<div class=\"elementor-widget-container\">\n\t\t\t\t\t\t\t\t\t<p>\u00a0<\/p><p>Si tienes alguna duda, comentario o quieres que hablemos te invito a dejarme tus datos haciendo clic <strong><a href=\"https:\/\/doralbacastiblanco.com\/index.php\/escribeme\/\">aqu\u00ed para comenzar a conversar.<\/a><\/strong><\/p>\t\t\t\t\t\t\t\t<\/div>\n\t\t\t\t<\/div>\n\t\t\t\t\t<\/div>\n\t\t<\/div>\n\t\t\t\t\t<\/div>\n\t\t<\/section>\n\t\t\t\t<section class=\"elementor-section elementor-top-section elementor-element elementor-element-47c779a elementor-section-boxed elementor-section-height-default elementor-section-height-default\" data-id=\"47c779a\" data-element_type=\"section\" data-e-type=\"section\">\n\t\t\t\t\t\t<div class=\"elementor-container elementor-column-gap-default\">\n\t\t\t\t\t<div class=\"elementor-column elementor-col-100 elementor-top-column elementor-element elementor-element-85e03bd\" data-id=\"85e03bd\" data-element_type=\"column\" data-e-type=\"column\">\n\t\t\t<div class=\"elementor-widget-wrap\">\n\t\t\t\t\t\t\t<\/div>\n\t\t<\/div>\n\t\t\t\t\t<\/div>\n\t\t<\/section>\n\t\t\t\t<\/div>\n\t\t","protected":false},"excerpt":{"rendered":"<p>\u00a1Hola! Me encanta que hayas llegado a mi p\u00e1gina, un lugar de luz y aprendizaje, que te ofrezco con inmenso amor.&nbsp; Te cuento un poco sobre m\u00ed.&nbsp; Soy Doralba Castiblanco, coach de vida y emprendedora. Mi trabajo est\u00e1 orientado bajo el modelo ontol\u00f3gico y la energ\u00eda de sanaci\u00f3n cu\u00e1ntica (personal y de espacios). Soy orgullosamente [&hellip;]<\/p>\n","protected":false},"author":1,"featured_media":0,"parent":0,"menu_order":0,"comment_status":"closed","ping_status":"open","template":"","meta":{"_uag_custom_page_level_css":"","site-sidebar-layout":"default","site-content-layout":"default","ast-site-content-layout":"default","site-content-style":"default","site-sidebar-style":"default","ast-global-header-display":"","ast-banner-title-visibility":"","ast-main-header-display":"","ast-hfb-above-header-display":"","ast-hfb-below-header-display":"","ast-hfb-mobile-header-display":"","site-post-title":"","ast-breadcrumbs-content":"","ast-featured-img":"","footer-sml-layout":"","ast-disable-related-posts":"","theme-transparent-header-meta":"default","adv-header-id-meta":"","stick-header-meta":"","header-above-stick-meta":"","header-main-stick-meta":"","header-below-stick-meta":"","astra-migrate-meta-layouts":"default","ast-page-background-enabled":"default","ast-page-background-meta":{"desktop":{"background-color":"","background-image":"","background-repeat":"repeat","background-position":"center center","background-size":"auto","background-attachment":"scroll","background-type":"","background-media":"","overlay-type":"","overlay-color":"","overlay-opacity":"","overlay-gradient":""},"tablet":{"background-color":"","background-image":"","background-repeat":"repeat","background-position":"center center","background-size":"auto","background-attachment":"scroll","background-type":"","background-media":"","overlay-type":"","overlay-color":"","overlay-opacity":"","overlay-gradient":""},"mobile":{"background-color":"","background-image":"","background-repeat":"repeat","background-position":"center center","background-size":"auto","background-attachment":"scroll","background-type":"","background-media":"","overlay-type":"","overlay-color":"","overlay-opacity":"","overlay-gradient":""}},"ast-content-background-meta":{"desktop":{"background-color":"var(--ast-global-color-5)","background-image":"","background-repeat":"repeat","background-position":"center center","background-size":"auto","background-attachment":"scroll","background-type":"","background-media":"","overlay-type":"","overlay-color":"","overlay-opacity":"","overlay-gradient":""},"tablet":{"background-color":"var(--ast-global-color-5)","background-image":"","background-repeat":"repeat","background-position":"center center","background-size":"auto","background-attachment":"scroll","background-type":"","background-media":"","overlay-type":"","overlay-color":"","overlay-opacity":"","overlay-gradient":""},"mobile":{"background-color":"var(--ast-global-color-5)","background-image":"","background-repeat":"repeat","background-position":"center center","background-size":"auto","background-attachment":"scroll","background-type":"","background-media":"","overlay-type":"","overlay-color":"","overlay-opacity":"","overlay-gradient":""}},"footnotes":""},"class_list":["post-3","page","type-page","status-publish","hentry"],"uagb_featured_image_src":{"full":false,"thumbnail":false,"medium":false,"medium_large":false,"large":false,"tf-client-image-size":false,"1536x1536":false,"2048x2048":false},"uagb_author_info":{"display_name":"Doralba Castiblanco","author_link":"https:\/\/doralbacastiblanco.com\/index.php\/author\/dorcaba_2yahoo-es\/"},"uagb_comment_info":0,"uagb_excerpt":"\u00a1Hola! Me encanta que hayas llegado a mi p\u00e1gina, un lugar de luz y aprendizaje, que te ofrezco con inmenso amor.&nbsp; Te cuento un poco sobre m\u00ed.&nbsp; Soy Doralba Castiblanco, coach de vida y emprendedora. Mi trabajo est\u00e1 orientado bajo el modelo ontol\u00f3gico y la energ\u00eda de sanaci\u00f3n cu\u00e1ntica (personal y de espacios). Soy orgullosamente&hellip;","_links":{"self":[{"href":"https:\/\/doralbacastiblanco.com\/index.php\/wp-json\/wp\/v2\/pages\/3","targetHints":{"allow":["GET"]}}],"collection":[{"href":"https:\/\/doralbacastiblanco.com\/index.php\/wp-json\/wp\/v2\/pages"}],"about":[{"href":"https:\/\/doralbacastiblanco.com\/index.php\/wp-json\/wp\/v2\/types\/page"}],"author":[{"embeddable":true,"href":"https:\/\/doralbacastiblanco.com\/index.php\/wp-json\/wp\/v2\/users\/1"}],"replies":[{"embeddable":true,"href":"https:\/\/doralbacastiblanco.com\/index.php\/wp-json\/wp\/v2\/comments?post=3"}],"version-history":[{"count":110,"href":"https:\/\/doralbacastiblanco.com\/index.php\/wp-json\/wp\/v2\/pages\/3\/revisions"}],"predecessor-version":[{"id":3187,"href":"https:\/\/doralbacastiblanco.com\/index.php\/wp-json\/wp\/v2\/pages\/3\/revisions\/3187"}],"wp:attachment":[{"href":"https:\/\/doralbacastiblanco.com\/index.php\/wp-json\/wp\/v2\/media?parent=3"}],"curies":[{"name":"wp","href":"https:\/\/api.w.org\/{rel}","templated":true}]}}