{"id":3117,"date":"2025-02-03T16:36:16","date_gmt":"2025-02-03T16:36:16","guid":{"rendered":"https:\/\/doralbacastiblanco.com\/?page_id=3117"},"modified":"2025-02-03T17:26:52","modified_gmt":"2025-02-03T17:26:52","slug":"descubramos-tu-brillo-interior","status":"publish","type":"page","link":"https:\/\/doralbacastiblanco.com\/index.php\/descubramos-tu-brillo-interior\/","title":{"rendered":"DESCUBRAMOS TU BRILLO INTERIOR"},"content":{"rendered":"\t\t<div data-elementor-type=\"wp-page\" data-elementor-id=\"3117\" class=\"elementor elementor-3117\">\n\t\t\t\t\t\t<section class=\"elementor-section elementor-top-section elementor-element elementor-element-f15b93e elementor-section-boxed elementor-section-height-default elementor-section-height-default\" data-id=\"f15b93e\" data-element_type=\"section\" data-e-type=\"section\">\n\t\t\t\t\t\t<div class=\"elementor-container elementor-column-gap-default\">\n\t\t\t\t\t<div class=\"elementor-column elementor-col-100 elementor-top-column elementor-element elementor-element-29fb1c44\" data-id=\"29fb1c44\" data-element_type=\"column\" data-e-type=\"column\">\n\t\t\t<div class=\"elementor-widget-wrap elementor-element-populated\">\n\t\t\t\t\t\t<div class=\"elementor-element elementor-element-73c03743 elementor-widget elementor-widget-text-editor\" data-id=\"73c03743\" data-element_type=\"widget\" data-e-type=\"widget\" data-widget_type=\"text-editor.default\">\n\t\t\t\t<div class=\"elementor-widget-container\">\n\t\t\t\t\t\t\t\t\t<p><b><img decoding=\"async\" class=\"aligncenter\" src=\"http:\/\/doralbacastiblanco.com\/wp-content\/uploads\/2020\/11\/Hoja-Doralba-300x99.png\" alt=\"\" width=\"300\" height=\"99\" \/><\/b><\/p><p><b>\u00bfEn qu\u00e9 consiste un proceso de crecimiento personal con ayuda del coaching?\u00a0<\/b><\/p><p>\u00bfEn tu vida est\u00e1s viviendo alguna situaci\u00f3n importante que no sabes c\u00f3mo afrontar? \u00bfEst\u00e1s\u00a0 experimentando emociones que no te apoyan a lograr tus objetivos, y que fueron causadas por alg\u00fan evento espec\u00edfico? \u00bfObservas que se repiten experiencias que te llevan nuevamente a los mismos resultados y no sabes c\u00f3mo dar un giro?<\/p><p><span style=\"font-size: 17px; background-color: var(--ast-global-color-5);\">Los procesos de vida desde el coaching, son una herramienta que a trav\u00e9s de conversaciones con un prop\u00f3sito definido, se identifica aquello que es necesario fortalecer interiormente, para abordar cambios importantes en el SER, en la forma de sentir, de pensar y de actuar y as\u00ed avanzar hacia los cambios que se desea, integrando potenciales de crecimiento.<\/span><\/p><p>En ocasiones el primer paso para permitirnos entender lo que nos ocurre es hablar acerca de ello. Estas conversaciones son diferentes a las<br \/>que conocemos com\u00fanmente, las llamo \u201cconversaciones con prop\u00f3sito\u201d, en ellas mi atenci\u00f3n est\u00e1 en hacerte ver aquello que es necesario fortalecer en tu SER para cambiar esa versi\u00f3n de vida que no te gusta; en estas charlas planteamos\u00a0 un prop\u00f3sito u objetivo, que sea alcanzable y medible al finalizar nuestra conversaci\u00f3n.<\/p><p>No te doy consejos, lo que hago es acompa\u00f1arte a que descubras desde tu SER, aquello que necesitas, ya que todas las herramientas las tienes en tu interior, solo hace falta traerlas a tu presente y fortalecerlas.<\/p><p>Es verdad que la realidad que vives no se cambia en una conversaci\u00f3n, pero s\u00ed es el primer paso para lograr el cambio que buscas, para entender la raz\u00f3n por la cual se manifiestan tus emociones, o ver por qu\u00e9 a pesar de realizar acciones diferentes llegas al mismo resultado; adem\u00e1s te acompa\u00f1ar\u00e9 a que descubras el \u00bfpara qu\u00e9? justamente asociado a lo que necesitas aprender para crecer como persona (SER).\u00a0<\/p><p>Este proceso se dar\u00e1 a tu ritmo, sin af\u00e1n, t\u00fa tomar\u00e1s las decisiones que consideres apropiadas y que te acerquen a vivir en tranquilidad y equilibrio.<\/p><p>Yo creo en ti, te acompa\u00f1o, motivo e inspiro a que alcances tus metas y objetivos \u00a1lo puedes lograr!<\/p><p><span style=\"font-size: 17px; background-color: var(--ast-global-color-5);\">\u00a0<\/span><strong style=\"font-size: 17px; background-color: var(--ast-global-color-5);\"><a href=\"https:\/\/doralbacastiblanco.com\/index.php\/escribeme\/\">Si tienes alguna duda, escr\u00edbeme y hablamos para revisar tu caso particular.\u00a0<\/a><\/strong><\/p><p><img decoding=\"async\" class=\"aligncenter\" src=\"http:\/\/doralbacastiblanco.com\/wp-content\/uploads\/2020\/11\/Hoja-Doralba-300x99.png\" alt=\"\" width=\"300\" height=\"99\" \/><\/p><p><!-- \/wp:paragraph --><\/p>\t\t\t\t\t\t\t\t<\/div>\n\t\t\t\t<\/div>\n\t\t\t\t\t<\/div>\n\t\t<\/div>\n\t\t\t\t\t<\/div>\n\t\t<\/section>\n\t\t\t\t<section class=\"elementor-section elementor-top-section elementor-element elementor-element-2a991ae elementor-section-boxed elementor-section-height-default elementor-section-height-default\" data-id=\"2a991ae\" data-element_type=\"section\" data-e-type=\"section\">\n\t\t\t\t\t\t<div class=\"elementor-container elementor-column-gap-default\">\n\t\t\t\t\t<div class=\"elementor-column elementor-col-100 elementor-top-column elementor-element elementor-element-a895c20\" data-id=\"a895c20\" data-element_type=\"column\" data-e-type=\"column\">\n\t\t\t<div class=\"elementor-widget-wrap elementor-element-populated\">\n\t\t\t\t\t\t<section class=\"elementor-section elementor-inner-section elementor-element elementor-element-bc91d43 elementor-section-boxed elementor-section-height-default elementor-section-height-default\" data-id=\"bc91d43\" data-element_type=\"section\" data-e-type=\"section\">\n\t\t\t\t\t\t<div class=\"elementor-container elementor-column-gap-default\">\n\t\t\t\t\t<div class=\"elementor-column elementor-col-50 elementor-inner-column elementor-element elementor-element-e2ba22a\" data-id=\"e2ba22a\" data-element_type=\"column\" data-e-type=\"column\">\n\t\t\t<div class=\"elementor-widget-wrap\">\n\t\t\t\t\t\t\t<\/div>\n\t\t<\/div>\n\t\t\t\t<div class=\"elementor-column elementor-col-50 elementor-inner-column elementor-element elementor-element-b9d8bb2\" data-id=\"b9d8bb2\" data-element_type=\"column\" data-e-type=\"column\">\n\t\t\t<div class=\"elementor-widget-wrap\">\n\t\t\t\t\t\t\t<\/div>\n\t\t<\/div>\n\t\t\t\t\t<\/div>\n\t\t<\/section>\n\t\t\t\t\t<\/div>\n\t\t<\/div>\n\t\t\t\t\t<\/div>\n\t\t<\/section>\n\t\t\t\t<\/div>\n\t\t","protected":false},"excerpt":{"rendered":"<p>\u00bfEn qu\u00e9 consiste un proceso de crecimiento personal con ayuda del coaching?\u00a0 \u00bfEn tu vida est\u00e1s viviendo alguna situaci\u00f3n importante que no sabes c\u00f3mo afrontar? \u00bfEst\u00e1s\u00a0 experimentando emociones que no te apoyan a lograr tus objetivos, y que fueron causadas por alg\u00fan evento espec\u00edfico? \u00bfObservas que se repiten experiencias que te llevan nuevamente a los [&hellip;]<\/p>\n","protected":false},"author":1,"featured_media":0,"parent":0,"menu_order":0,"comment_status":"closed","ping_status":"open","template":"","meta":{"_uag_custom_page_level_css":"","site-sidebar-layout":"default","site-content-layout":"default","ast-site-content-layout":"default","site-content-style":"default","site-sidebar-style":"default","ast-global-header-display":"","ast-banner-title-visibility":"","ast-main-header-display":"","ast-hfb-above-header-display":"","ast-hfb-below-header-display":"","ast-hfb-mobile-header-display":"","site-post-title":"","ast-breadcrumbs-content":"","ast-featured-img":"","footer-sml-layout":"","ast-disable-related-posts":"","theme-transparent-header-meta":"default","adv-header-id-meta":"","stick-header-meta":"","header-above-stick-meta":"","header-main-stick-meta":"","header-below-stick-meta":"","astra-migrate-meta-layouts":"default","ast-page-background-enabled":"default","ast-page-background-meta":{"desktop":{"background-color":"","background-image":"","background-repeat":"repeat","background-position":"center center","background-size":"auto","background-attachment":"scroll","background-type":"","background-media":"","overlay-type":"","overlay-color":"","overlay-opacity":"","overlay-gradient":""},"tablet":{"background-color":"","background-image":"","background-repeat":"repeat","background-position":"center center","background-size":"auto","background-attachment":"scroll","background-type":"","background-media":"","overlay-type":"","overlay-color":"","overlay-opacity":"","overlay-gradient":""},"mobile":{"background-color":"","background-image":"","background-repeat":"repeat","background-position":"center center","background-size":"auto","background-attachment":"scroll","background-type":"","background-media":"","overlay-type":"","overlay-color":"","overlay-opacity":"","overlay-gradient":""}},"ast-content-background-meta":{"desktop":{"background-color":"var(--ast-global-color-5)","background-image":"","background-repeat":"repeat","background-position":"center center","background-size":"auto","background-attachment":"scroll","background-type":"","background-media":"","overlay-type":"","overlay-color":"","overlay-opacity":"","overlay-gradient":""},"tablet":{"background-color":"var(--ast-global-color-5)","background-image":"","background-repeat":"repeat","background-position":"center center","background-size":"auto","background-attachment":"scroll","background-type":"","background-media":"","overlay-type":"","overlay-color":"","overlay-opacity":"","overlay-gradient":""},"mobile":{"background-color":"var(--ast-global-color-5)","background-image":"","background-repeat":"repeat","background-position":"center center","background-size":"auto","background-attachment":"scroll","background-type":"","background-media":"","overlay-type":"","overlay-color":"","overlay-opacity":"","overlay-gradient":""}},"footnotes":""},"class_list":["post-3117","page","type-page","status-publish","hentry"],"uagb_featured_image_src":{"full":false,"thumbnail":false,"medium":false,"medium_large":false,"large":false,"tf-client-image-size":false,"1536x1536":false,"2048x2048":false},"uagb_author_info":{"display_name":"Doralba Castiblanco","author_link":"https:\/\/doralbacastiblanco.com\/index.php\/author\/dorcaba_2yahoo-es\/"},"uagb_comment_info":0,"uagb_excerpt":"\u00bfEn qu\u00e9 consiste un proceso de crecimiento personal con ayuda del coaching?\u00a0 \u00bfEn tu vida est\u00e1s viviendo alguna situaci\u00f3n importante que no sabes c\u00f3mo afrontar? \u00bfEst\u00e1s\u00a0 experimentando emociones que no te apoyan a lograr tus objetivos, y que fueron causadas por alg\u00fan evento espec\u00edfico? \u00bfObservas que se repiten experiencias que te llevan nuevamente a los&hellip;","_links":{"self":[{"href":"https:\/\/doralbacastiblanco.com\/index.php\/wp-json\/wp\/v2\/pages\/3117","targetHints":{"allow":["GET"]}}],"collection":[{"href":"https:\/\/doralbacastiblanco.com\/index.php\/wp-json\/wp\/v2\/pages"}],"about":[{"href":"https:\/\/doralbacastiblanco.com\/index.php\/wp-json\/wp\/v2\/types\/page"}],"author":[{"embeddable":true,"href":"https:\/\/doralbacastiblanco.com\/index.php\/wp-json\/wp\/v2\/users\/1"}],"replies":[{"embeddable":true,"href":"https:\/\/doralbacastiblanco.com\/index.php\/wp-json\/wp\/v2\/comments?post=3117"}],"version-history":[{"count":9,"href":"https:\/\/doralbacastiblanco.com\/index.php\/wp-json\/wp\/v2\/pages\/3117\/revisions"}],"predecessor-version":[{"id":3164,"href":"https:\/\/doralbacastiblanco.com\/index.php\/wp-json\/wp\/v2\/pages\/3117\/revisions\/3164"}],"wp:attachment":[{"href":"https:\/\/doralbacastiblanco.com\/index.php\/wp-json\/wp\/v2\/media?parent=3117"}],"curies":[{"name":"wp","href":"https:\/\/api.w.org\/{rel}","templated":true}]}}